{"id":185,"date":"2017-06-20T19:14:15","date_gmt":"2017-06-20T19:14:15","guid":{"rendered":"https:\/\/cadaconsult.com.ar\/new\/?page_id=185"},"modified":"2017-06-20T19:19:03","modified_gmt":"2017-06-20T19:19:03","slug":"autodesk-advance-steel","status":"publish","type":"page","link":"https:\/\/cadaconsult.com.ar\/new\/productos\/autodesk-advance-steel\/","title":{"rendered":"Autodesk Advance Steel"},"content":{"rendered":"<div id=\"dslc-theme-content\"><div id=\"dslc-theme-content-inner\"><div id=\"dslc-main\">\n<div  class=\"dslc-modules-section  dslc-full \" style=\"padding-bottom:0px;padding-top:0px;\" data-section-id=\"2adf30af7ce\">\n<div class=\"dslc-modules-section-wrapper dslc-clearfix\">\n<style type=\"text\/css\" id=\"dslca-modules-area-\"><\/style>\n<div  class=\"dslc-modules-area dslc-col dslc-12-col dslc-last-col dslc-valign- \" data-size=\"12\" data-valign=\"\" data-modules-area-id=\"\" >\n<div id=\"dslc-module-35f346ee886\" class=\"dslc-module-front dslc-module-DSLC_Image dslc-in-viewport-check dslc-in-viewport-anim-none  dslc-col dslc-12-col dslc-last-col  dslc-module-handle-like-regular \" data-module-id=\"35f346ee886\" data-module=\"DSLC_Image\" data-dslc-module-size=\"12\" data-dslc-anim=\"none\" data-dslc-anim-delay=\"0\" data-dslc-anim-duration=\"650\"  data-dslc-anim-easing=\"ease\" data-dslc-preset=\"none\" >\n<div class=\"dslc-image-container\">\n<div class=\"dslc-image\">\n<p>\t\t\t\t\t\t\t\t\t<img decoding=\"async\" src=\"https:\/\/cadaconsult.com.ar\/new\/wp-content\/uploads\/2017\/07\/head_steel.jpg\" alt=\"\" title=\"head_steel\" srcset=\"https:\/\/cadaconsult.com.ar\/new\/wp-content\/uploads\/2017\/07\/head_steel.jpg 1700w, https:\/\/cadaconsult.com.ar\/new\/wp-content\/uploads\/2017\/07\/head_steel-300x53.jpg 300w, https:\/\/cadaconsult.com.ar\/new\/wp-content\/uploads\/2017\/07\/head_steel-768x136.jpg 768w, https:\/\/cadaconsult.com.ar\/new\/wp-content\/uploads\/2017\/07\/head_steel-1024x181.jpg 1024w\" sizes=\"(max-width: 1700px) 100vw, 1700px\" \/><\/p><\/div>\n<p><!-- .dslc-image -->\n\t\t<\/div>\n<\/p><\/div>\n<p><!-- .dslc-module -->\n\t\t<\/div>\n<\/div>\n<\/div>\n<div  class=\"dslc-modules-section \" style=\"padding-bottom:25px;padding-top:25px;\" data-section-id=\"1e6d69de739\">\n<div class=\"dslc-modules-section-wrapper dslc-clearfix\">\n<style type=\"text\/css\" id=\"dslca-modules-area-\"><\/style>\n<div  class=\"dslc-modules-area dslc-col dslc-8-col dslc-first-col dslc-valign- \" data-size=\"8\" data-valign=\"\" data-modules-area-id=\"\" >\n<div id=\"dslc-module-3b4689e8189\" class=\"dslc-module-front dslc-module-DSLC_TP_Title dslc-in-viewport-check dslc-in-viewport-anim-none  dslc-col dslc-12-col dslc-last-col  dslc-module-handle-like-regular \" data-module-id=\"3b4689e8189\" data-module=\"DSLC_TP_Title\" data-dslc-module-size=\"12\" data-dslc-anim=\"none\" data-dslc-anim-delay=\"0\" data-dslc-anim-duration=\"650\"  data-dslc-anim-easing=\"ease\" data-dslc-preset=\"none\" >\n<div class=\"dslc-tp-title\">\n<div class=\"dslc-tp-title\">\n<h1>Autodesk Advance Steel<\/h1>\n<\/div><\/div>\n<\/p><\/div>\n<p><!-- .dslc-module --><\/p>\n<div id=\"dslc-module-79cf1b13be4\" class=\"dslc-module-front dslc-module-DSLC_Text_Simple dslc-in-viewport-check dslc-in-viewport-anim-none  dslc-col dslc-12-col dslc-last-col  dslc-module-handle-like-regular \" data-module-id=\"79cf1b13be4\" data-module=\"DSLC_Text_Simple\" data-dslc-module-size=\"12\" data-dslc-anim=\"none\" data-dslc-anim-delay=\"0\" data-dslc-anim-duration=\"650\"  data-dslc-anim-easing=\"ease\" data-dslc-preset=\"none\" >\n<div class=\"dslc-text-module-content\">\n<h2 class=\"heading section\">3D modeling software for steel detailing<\/h2>\n<div class=\"text section\">\n<p>Advance Steel detailing software is built on the AutoCAD platform. Structural engineering professionals use the software to help accelerate design, steel detailing, steel fabrication, and steel construction.<\/p>\n<\/div><\/div>\n<\/p><\/div>\n<p><!-- .dslc-module -->\n\t\t<\/div>\n<style type=\"text\/css\" id=\"dslca-modules-area-\"><\/style>\n<div  class=\"dslc-modules-area dslc-col dslc-4-col dslc-last-col dslc-valign- \" data-size=\"4\" data-valign=\"\" data-modules-area-id=\"\" >\n<div id=\"dslc-module-58e313f1261\" class=\"dslc-module-front dslc-module-DSLC_Button dslc-in-viewport-check dslc-in-viewport-anim-none  dslc-col dslc-12-col dslc-last-col  dslc-module-handle-like-regular \" data-module-id=\"58e313f1261\" data-module=\"DSLC_Button\" data-dslc-module-size=\"12\" data-dslc-anim=\"none\" data-dslc-anim-delay=\"\" data-dslc-anim-duration=\"650\"  data-dslc-anim-easing=\"ease\" data-dslc-preset=\"none\" >\n<div class=\"dslc-button\">\n\t\t\t\t\t\t\t\t\t<a href=\"https:\/\/www.autodesk.com\/products\/advance-steel\/overview\" target=\"_self\"  onClick=\"\" class=\"\"><br \/>\n\t\t\t\t\t\t\t\t\t\t\t\t\t\t\t\t\t\t\t<span>M\u00c1S INFORMACI\u00d3N<\/span><br \/>\n\t\t\t\t\t\t\t\t\t\t\t\t\t\t\t\t\t<\/a>\n\t\t\t\t\t\t\t<\/div>\n<p><!-- .dslc-button --><\/p><\/div>\n<p><!-- .dslc-module -->\n\t\t<\/div>\n<\/div>\n<\/div>\n<div  class=\"dslc-modules-section \" style=\"padding-bottom:30px;padding-top:30px;background-color:#e0e0e0;\" data-section-id=\"3d3397936d1\">\n<div class=\"dslc-modules-section-wrapper dslc-clearfix\">\n<style type=\"text\/css\" id=\"dslca-modules-area-\"><\/style>\n<div  class=\"dslc-modules-area dslc-col dslc-9-col dslc-first-col dslc-valign- \" data-size=\"9\" data-valign=\"\" data-modules-area-id=\"\" >\n<div id=\"dslc-module-25323056666\" class=\"dslc-module-front dslc-module-DSLC_Text_Simple dslc-in-viewport-check dslc-in-viewport-anim-none  dslc-col dslc-12-col dslc-last-col  dslc-module-handle-like-regular \" data-module-id=\"25323056666\" data-module=\"DSLC_Text_Simple\" data-dslc-module-size=\"12\" data-dslc-anim=\"none\" data-dslc-anim-delay=\"0\" data-dslc-anim-duration=\"650\"  data-dslc-anim-easing=\"ease\" data-dslc-preset=\"none\" >\n<div class=\"dslc-text-module-content\">\n<h1>Advance Steel Features<\/h1>\n<\/p><\/div>\n<\/p><\/div>\n<p><!-- .dslc-module -->\n\t\t<\/div>\n<style type=\"text\/css\" id=\"dslca-modules-area-\"><\/style>\n<div  class=\"dslc-modules-area dslc-col dslc-3-col dslc-last-col dslc-valign- \" data-size=\"3\" data-valign=\"\" data-modules-area-id=\"\" >\n<div id=\"dslc-module-19da70b7ae4\" class=\"dslc-module-front dslc-module-DSLC_Icon dslc-in-viewport-check dslc-in-viewport-anim-none  dslc-col dslc-1-col  dslc-module-handle-like-regular \" data-module-id=\"19da70b7ae4\" data-module=\"DSLC_Icon\" data-dslc-module-size=\"1\" data-dslc-anim=\"none\" data-dslc-anim-delay=\"0\" data-dslc-anim-duration=\"650\"  data-dslc-anim-easing=\"ease\" data-dslc-preset=\"none\" >\n<div class=\"dslc-micon-module\">\n\t\t\t\t\t\t\t\t\t<span class=\"dslc-icon dslc-icon-arrow-right\"><\/span>\n\t\t\t\t\t\t\t<\/div>\n<p><!-- .dslc-micon-module --><\/p><\/div>\n<p><!-- .dslc-module --><\/p>\n<div id=\"dslc-module-e3b0bf1c883\" class=\"dslc-module-front dslc-module-DSLC_Text_Simple dslc-in-viewport-check dslc-in-viewport-anim-none  dslc-col dslc-11-col dslc-last-col  dslc-module-handle-like-regular \" data-module-id=\"e3b0bf1c883\" data-module=\"DSLC_Text_Simple\" data-dslc-module-size=\"11\" data-dslc-anim=\"none\" data-dslc-anim-delay=\"0\" data-dslc-anim-duration=\"650\"  data-dslc-anim-easing=\"ease\" data-dslc-preset=\"none\" >\n<div class=\"dslc-text-module-content\">\n<h3><a href=\"https:\/\/www.autodesk.com\/products\/advance-steel\/features\" target=\"_blank\" rel=\"noopener noreferrer\">View\u00a0all\u00a0features<\/a><\/h3>\n<\/p><\/div>\n<\/p><\/div>\n<p><!-- .dslc-module -->\n\t\t<\/div>\n<style type=\"text\/css\" id=\"dslca-modules-area-\"><\/style>\n<div  class=\"dslc-modules-area dslc-col dslc-3-col dslc-first-col dslc-valign- \" data-size=\"3\" data-valign=\"\" data-modules-area-id=\"\" >\n<div id=\"dslc-module-8ddd2462f8a\" class=\"dslc-module-front dslc-module-DSLC_Image dslc-in-viewport-check dslc-in-viewport-anim-none  dslc-col dslc-12-col dslc-last-col  dslc-module-handle-like-regular \" data-module-id=\"8ddd2462f8a\" data-module=\"DSLC_Image\" data-dslc-module-size=\"12\" data-dslc-anim=\"none\" data-dslc-anim-delay=\"0\" data-dslc-anim-duration=\"650\"  data-dslc-anim-easing=\"ease\" data-dslc-preset=\"none\" >\n<div class=\"dslc-image-container\">\n<div class=\"dslc-image\">\n<p>\t\t\t\t\t\t\t\t\t<a class=\"dslc-lightbox-image \" href=\"https:\/\/cadaconsult.com.ar\/new\/wp-content\/uploads\/2017\/07\/steel-shop-drawings-large-1920x1080.jpg\" target=\"_self\"  ><br \/>\n\t\t\t\t\t\t\t\t\t<img decoding=\"async\" src=\"https:\/\/cadaconsult.com.ar\/new\/wp-content\/uploads\/2017\/07\/steel_01.jpg\" alt=\"\" title=\"Steel shop drawings\" srcset=\"https:\/\/cadaconsult.com.ar\/new\/wp-content\/uploads\/2017\/07\/steel_01.jpg 600w, https:\/\/cadaconsult.com.ar\/new\/wp-content\/uploads\/2017\/07\/steel_01-300x150.jpg 300w\" sizes=\"(max-width: 600px) 100vw, 600px\" \/><br \/>\n\t\t\t\t\t\t\t\t\t<\/a><\/p><\/div>\n<p><!-- .dslc-image -->\n\t\t<\/div>\n<\/p><\/div>\n<p><!-- .dslc-module --><\/p>\n<div id=\"dslc-module-1a0727ce668\" class=\"dslc-module-front dslc-module-DSLC_Text_Simple dslc-in-viewport-check dslc-in-viewport-anim-none  dslc-col dslc-12-col dslc-last-col  dslc-module-handle-like-regular \" data-module-id=\"1a0727ce668\" data-module=\"DSLC_Text_Simple\" data-dslc-module-size=\"12\" data-dslc-anim=\"none\" data-dslc-anim-delay=\"0\" data-dslc-anim-duration=\"650\"  data-dslc-anim-easing=\"ease\" data-dslc-preset=\"none\" >\n<div class=\"dslc-text-module-content\">\n<h4 class=\"wd-font-16 wd-mt-12 wd-color-gray-25\">Steel shop drawings<\/h4>\n<p class=\"wd-font-16 wd-mt-12 wd-color-gray-25\">Generate more accurate drawings for fabrication.<\/p>\n<\/p><\/div>\n<\/p><\/div>\n<p><!-- .dslc-module -->\n\t\t<\/div>\n<style type=\"text\/css\" id=\"dslca-modules-area-\"><\/style>\n<div  class=\"dslc-modules-area dslc-col dslc-3-col  dslc-valign- \" data-size=\"3\" data-valign=\"\" data-modules-area-id=\"\" >\n<div id=\"dslc-module-f080d6c36a4\" class=\"dslc-module-front dslc-module-DSLC_Image dslc-in-viewport-check dslc-in-viewport-anim-none  dslc-col dslc-12-col dslc-last-col  dslc-module-handle-like-regular \" data-module-id=\"f080d6c36a4\" data-module=\"DSLC_Image\" data-dslc-module-size=\"12\" data-dslc-anim=\"none\" data-dslc-anim-delay=\"0\" data-dslc-anim-duration=\"650\"  data-dslc-anim-easing=\"ease\" data-dslc-preset=\"none\" >\n<div class=\"dslc-image-container\">\n<div class=\"dslc-image\">\n<p>\t\t\t\t\t\t\t\t\t<a class=\"dslc-lightbox-image \" href=\"https:\/\/cadaconsult.com.ar\/new\/wp-content\/uploads\/2017\/07\/parametric-steel-connections-large-1920x1080.jpg\" target=\"_self\"  ><br \/>\n\t\t\t\t\t\t\t\t\t<img decoding=\"async\" src=\"https:\/\/cadaconsult.com.ar\/new\/wp-content\/uploads\/2017\/07\/steel_02.jpg\" alt=\"\" title=\"steel_02\" srcset=\"https:\/\/cadaconsult.com.ar\/new\/wp-content\/uploads\/2017\/07\/steel_02.jpg 600w, https:\/\/cadaconsult.com.ar\/new\/wp-content\/uploads\/2017\/07\/steel_02-300x150.jpg 300w\" sizes=\"(max-width: 600px) 100vw, 600px\" \/><br \/>\n\t\t\t\t\t\t\t\t\t<\/a><\/p><\/div>\n<p><!-- .dslc-image -->\n\t\t<\/div>\n<\/p><\/div>\n<p><!-- .dslc-module --><\/p>\n<div id=\"dslc-module-555f7c2feb4\" class=\"dslc-module-front dslc-module-DSLC_Text_Simple dslc-in-viewport-check dslc-in-viewport-anim-none  dslc-col dslc-12-col dslc-last-col  dslc-module-handle-like-regular \" data-module-id=\"555f7c2feb4\" data-module=\"DSLC_Text_Simple\" data-dslc-module-size=\"12\" data-dslc-anim=\"none\" data-dslc-anim-delay=\"0\" data-dslc-anim-duration=\"650\"  data-dslc-anim-easing=\"ease\" data-dslc-preset=\"none\" >\n<div class=\"dslc-text-module-content\">\n<h4 class=\"wd-font-16 wd-mt-12 wd-color-gray-25\">Parametric steel connections<\/h4>\n<p class=\"wd-font-16 wd-mt-12 wd-color-gray-25\">Ready-to-use Connection Vault can help save time.<\/p>\n<\/p><\/div>\n<\/p><\/div>\n<p><!-- .dslc-module -->\n\t\t<\/div>\n<style type=\"text\/css\" id=\"dslca-modules-area-\"><\/style>\n<div  class=\"dslc-modules-area dslc-col dslc-3-col  dslc-valign- \" data-size=\"3\" data-valign=\"\" data-modules-area-id=\"\" >\n<div id=\"dslc-module-6fd7211f1e5\" class=\"dslc-module-front dslc-module-DSLC_Image dslc-in-viewport-check dslc-in-viewport-anim-none  dslc-col dslc-12-col dslc-last-col  dslc-module-handle-like-regular \" data-module-id=\"6fd7211f1e5\" data-module=\"DSLC_Image\" data-dslc-module-size=\"12\" data-dslc-anim=\"none\" data-dslc-anim-delay=\"0\" data-dslc-anim-duration=\"650\"  data-dslc-anim-easing=\"ease\" data-dslc-preset=\"none\" >\n<div class=\"dslc-image-container\">\n<div class=\"dslc-image\">\n<p>\t\t\t\t\t\t\t\t\t<a class=\"dslc-lightbox-image \" href=\"https:\/\/cadaconsult.com.ar\/new\/wp-content\/uploads\/2017\/07\/bidirectional-link-with-revit-large-1920x1080.jpg\" target=\"_self\"  ><br \/>\n\t\t\t\t\t\t\t\t\t<img decoding=\"async\" src=\"https:\/\/cadaconsult.com.ar\/new\/wp-content\/uploads\/2017\/07\/steel_03.jpg\" alt=\"\" title=\"steel_03\" srcset=\"https:\/\/cadaconsult.com.ar\/new\/wp-content\/uploads\/2017\/07\/steel_03.jpg 600w, https:\/\/cadaconsult.com.ar\/new\/wp-content\/uploads\/2017\/07\/steel_03-300x150.jpg 300w\" sizes=\"(max-width: 600px) 100vw, 600px\" \/><br \/>\n\t\t\t\t\t\t\t\t\t<\/a><\/p><\/div>\n<p><!-- .dslc-image -->\n\t\t<\/div>\n<\/p><\/div>\n<p><!-- .dslc-module --><\/p>\n<div id=\"dslc-module-44c1dfcd014\" class=\"dslc-module-front dslc-module-DSLC_Text_Simple dslc-in-viewport-check dslc-in-viewport-anim-none  dslc-col dslc-12-col dslc-last-col  dslc-module-handle-like-regular \" data-module-id=\"44c1dfcd014\" data-module=\"DSLC_Text_Simple\" data-dslc-module-size=\"12\" data-dslc-anim=\"none\" data-dslc-anim-delay=\"0\" data-dslc-anim-duration=\"650\"  data-dslc-anim-easing=\"ease\" data-dslc-preset=\"none\" >\n<div class=\"dslc-text-module-content\">\n<h4 class=\"wd-font-16 wd-mt-12 wd-color-gray-25\">Bidirectional link with Revit<\/h4>\n<p class=\"wd-font-16 wd-mt-12 wd-color-gray-25\">Faster time to fabrication with model synchronization.<\/p>\n<\/p><\/div>\n<\/p><\/div>\n<p><!-- .dslc-module -->\n\t\t<\/div>\n<style type=\"text\/css\" id=\"dslca-modules-area-\"><\/style>\n<div  class=\"dslc-modules-area dslc-col dslc-3-col dslc-last-col dslc-valign- \" data-size=\"3\" data-valign=\"\" data-modules-area-id=\"\" >\n<div id=\"dslc-module-a53251a17e9\" class=\"dslc-module-front dslc-module-DSLC_Image dslc-in-viewport-check dslc-in-viewport-anim-none  dslc-col dslc-12-col dslc-last-col  dslc-module-handle-like-regular \" data-module-id=\"a53251a17e9\" data-module=\"DSLC_Image\" data-dslc-module-size=\"12\" data-dslc-anim=\"none\" data-dslc-anim-delay=\"0\" data-dslc-anim-duration=\"650\"  data-dslc-anim-easing=\"ease\" data-dslc-preset=\"none\" >\n<div class=\"dslc-image-container\">\n<div class=\"dslc-image\">\n<p>\t\t\t\t\t\t\t\t\t<a class=\"dslc-lightbox-image \" href=\"https:\/\/cadaconsult.com.ar\/new\/wp-content\/uploads\/2017\/07\/stairs-railings-and-cage-ladders-large-1920x1080.jpg\" target=\"_self\"  ><br \/>\n\t\t\t\t\t\t\t\t\t<img decoding=\"async\" src=\"https:\/\/cadaconsult.com.ar\/new\/wp-content\/uploads\/2017\/07\/steel_04.jpg\" alt=\"\" title=\"steel_04\" srcset=\"https:\/\/cadaconsult.com.ar\/new\/wp-content\/uploads\/2017\/07\/steel_04.jpg 600w, https:\/\/cadaconsult.com.ar\/new\/wp-content\/uploads\/2017\/07\/steel_04-300x150.jpg 300w\" sizes=\"(max-width: 600px) 100vw, 600px\" \/><br \/>\n\t\t\t\t\t\t\t\t\t<\/a><\/p><\/div>\n<p><!-- .dslc-image -->\n\t\t<\/div>\n<\/p><\/div>\n<p><!-- .dslc-module --><\/p>\n<div id=\"dslc-module-df1e0ee088f\" class=\"dslc-module-front dslc-module-DSLC_Text_Simple dslc-in-viewport-check dslc-in-viewport-anim-none  dslc-col dslc-12-col dslc-last-col  dslc-module-handle-like-regular \" data-module-id=\"df1e0ee088f\" data-module=\"DSLC_Text_Simple\" data-dslc-module-size=\"12\" data-dslc-anim=\"none\" data-dslc-anim-delay=\"0\" data-dslc-anim-duration=\"650\"  data-dslc-anim-easing=\"ease\" data-dslc-preset=\"none\" >\n<div class=\"dslc-text-module-content\">\n<h4 class=\"wd-font-16 wd-mt-12 wd-color-gray-25\">Stairs, railings, and cage ladders<\/h4>\n<p class=\"wd-font-16 wd-mt-12 wd-color-gray-25\">Model miscellaneous steelwork more quickly.<\/p>\n<\/p><\/div>\n<\/p><\/div>\n<p><!-- .dslc-module -->\n\t\t<\/div>\n<\/div>\n<\/div>\n<\/div>\n<\/div><\/div>","protected":false},"excerpt":{"rendered":"<p>Autodesk Advance Steel 3D modeling software for steel detailing Advance Steel detailing software is built on the AutoCAD platform. Structural engineering professionals use the software to help accelerate design, steel detailing, steel fabrication, and steel construction. M\u00c1S INFORMACI\u00d3N Advance Steel Features View\u00a0all\u00a0features Steel shop drawings Generate more accurate drawings for fabrication. Parametric steel connections Ready-to-use [&hellip;]<\/p>\n","protected":false},"author":2,"featured_media":0,"parent":12,"menu_order":0,"comment_status":"closed","ping_status":"closed","template":"","meta":{"footnotes":""},"class_list":["post-185","page","type-page","status-publish","hentry"],"yoast_head":"<!-- This site is optimized with the Yoast SEO plugin v27.4 - https:\/\/yoast.com\/product\/yoast-seo-wordpress\/ -->\n<title>Autodesk Advance Steel | Cada Consult<\/title>\n<meta name=\"description\" content=\"Soluciones CAD &amp; BIM, consultor\u00eda y servicios profesionales para la industria de la Arquitectura, ingenier\u00eda y Construcci\u00f3n (AEC).\" \/>\n<meta name=\"robots\" content=\"index, follow, max-snippet:-1, max-image-preview:large, max-video-preview:-1\" \/>\n<link rel=\"canonical\" href=\"https:\/\/cadaconsult.com.ar\/new\/productos\/autodesk-advance-steel\/\" \/>\n<meta property=\"og:locale\" content=\"es_ES\" \/>\n<meta property=\"og:type\" content=\"article\" \/>\n<meta property=\"og:title\" content=\"Autodesk Advance Steel | Cada Consult\" \/>\n<meta property=\"og:description\" content=\"Soluciones CAD &amp; BIM, consultor\u00eda y servicios profesionales para la industria de la Arquitectura, ingenier\u00eda y Construcci\u00f3n (AEC).\" \/>\n<meta property=\"og:url\" content=\"https:\/\/cadaconsult.com.ar\/new\/productos\/autodesk-advance-steel\/\" \/>\n<meta property=\"og:site_name\" content=\"Cada Consult\" \/>\n<meta property=\"article:modified_time\" content=\"2017-06-20T19:19:03+00:00\" \/>\n<meta name=\"twitter:card\" content=\"summary_large_image\" \/>\n<script type=\"application\/ld+json\" class=\"yoast-schema-graph\">{\"@context\":\"https:\\\/\\\/schema.org\",\"@graph\":[{\"@type\":\"WebPage\",\"@id\":\"https:\\\/\\\/cadaconsult.com.ar\\\/new\\\/productos\\\/autodesk-advance-steel\\\/\",\"url\":\"https:\\\/\\\/cadaconsult.com.ar\\\/new\\\/productos\\\/autodesk-advance-steel\\\/\",\"name\":\"Autodesk Advance Steel | Cada Consult\",\"isPartOf\":{\"@id\":\"https:\\\/\\\/cadaconsult.com.ar\\\/new\\\/#website\"},\"primaryImageOfPage\":{\"@id\":\"https:\\\/\\\/cadaconsult.com.ar\\\/new\\\/productos\\\/autodesk-advance-steel\\\/#primaryimage\"},\"image\":{\"@id\":\"https:\\\/\\\/cadaconsult.com.ar\\\/new\\\/productos\\\/autodesk-advance-steel\\\/#primaryimage\"},\"thumbnailUrl\":\"https:\\\/\\\/cadaconsult.com.ar\\\/new\\\/wp-content\\\/uploads\\\/2017\\\/07\\\/head_steel.jpg\",\"datePublished\":\"2017-06-20T19:14:15+00:00\",\"dateModified\":\"2017-06-20T19:19:03+00:00\",\"description\":\"Soluciones CAD & BIM, consultor\u00eda y servicios profesionales para la industria de la Arquitectura, ingenier\u00eda y Construcci\u00f3n (AEC).\",\"breadcrumb\":{\"@id\":\"https:\\\/\\\/cadaconsult.com.ar\\\/new\\\/productos\\\/autodesk-advance-steel\\\/#breadcrumb\"},\"inLanguage\":\"es\",\"potentialAction\":[{\"@type\":\"ReadAction\",\"target\":[\"https:\\\/\\\/cadaconsult.com.ar\\\/new\\\/productos\\\/autodesk-advance-steel\\\/\"]}]},{\"@type\":\"ImageObject\",\"inLanguage\":\"es\",\"@id\":\"https:\\\/\\\/cadaconsult.com.ar\\\/new\\\/productos\\\/autodesk-advance-steel\\\/#primaryimage\",\"url\":\"https:\\\/\\\/cadaconsult.com.ar\\\/new\\\/wp-content\\\/uploads\\\/2017\\\/07\\\/head_steel.jpg\",\"contentUrl\":\"https:\\\/\\\/cadaconsult.com.ar\\\/new\\\/wp-content\\\/uploads\\\/2017\\\/07\\\/head_steel.jpg\",\"width\":1700,\"height\":300},{\"@type\":\"BreadcrumbList\",\"@id\":\"https:\\\/\\\/cadaconsult.com.ar\\\/new\\\/productos\\\/autodesk-advance-steel\\\/#breadcrumb\",\"itemListElement\":[{\"@type\":\"ListItem\",\"position\":1,\"name\":\"Portada\",\"item\":\"https:\\\/\\\/cadaconsult.com.ar\\\/new\\\/\"},{\"@type\":\"ListItem\",\"position\":2,\"name\":\"Productos\",\"item\":\"https:\\\/\\\/cadaconsult.com.ar\\\/new\\\/productos\\\/\"},{\"@type\":\"ListItem\",\"position\":3,\"name\":\"Autodesk Advance Steel\"}]},{\"@type\":\"WebSite\",\"@id\":\"https:\\\/\\\/cadaconsult.com.ar\\\/new\\\/#website\",\"url\":\"https:\\\/\\\/cadaconsult.com.ar\\\/new\\\/\",\"name\":\"Cada Consult\",\"description\":\"Tecnolog\u00eda Aplicada\",\"publisher\":{\"@id\":\"https:\\\/\\\/cadaconsult.com.ar\\\/new\\\/#organization\"},\"potentialAction\":[{\"@type\":\"SearchAction\",\"target\":{\"@type\":\"EntryPoint\",\"urlTemplate\":\"https:\\\/\\\/cadaconsult.com.ar\\\/new\\\/?s={search_term_string}\"},\"query-input\":{\"@type\":\"PropertyValueSpecification\",\"valueRequired\":true,\"valueName\":\"search_term_string\"}}],\"inLanguage\":\"es\"},{\"@type\":\"Organization\",\"@id\":\"https:\\\/\\\/cadaconsult.com.ar\\\/new\\\/#organization\",\"name\":\"Cada Consult\",\"url\":\"https:\\\/\\\/cadaconsult.com.ar\\\/new\\\/\",\"logo\":{\"@type\":\"ImageObject\",\"inLanguage\":\"es\",\"@id\":\"https:\\\/\\\/cadaconsult.com.ar\\\/new\\\/#\\\/schema\\\/logo\\\/image\\\/\",\"url\":\"https:\\\/\\\/cadaconsult.com.ar\\\/new\\\/wp-content\\\/uploads\\\/2020\\\/12\\\/logo_cadaconsult.png\",\"contentUrl\":\"https:\\\/\\\/cadaconsult.com.ar\\\/new\\\/wp-content\\\/uploads\\\/2020\\\/12\\\/logo_cadaconsult.png\",\"width\":230,\"height\":35,\"caption\":\"Cada Consult\"},\"image\":{\"@id\":\"https:\\\/\\\/cadaconsult.com.ar\\\/new\\\/#\\\/schema\\\/logo\\\/image\\\/\"}}]}<\/script>\n<!-- \/ Yoast SEO plugin. -->","yoast_head_json":{"title":"Autodesk Advance Steel | Cada Consult","description":"Soluciones CAD & BIM, consultor\u00eda y servicios profesionales para la industria de la Arquitectura, ingenier\u00eda y Construcci\u00f3n (AEC).","robots":{"index":"index","follow":"follow","max-snippet":"max-snippet:-1","max-image-preview":"max-image-preview:large","max-video-preview":"max-video-preview:-1"},"canonical":"https:\/\/cadaconsult.com.ar\/new\/productos\/autodesk-advance-steel\/","og_locale":"es_ES","og_type":"article","og_title":"Autodesk Advance Steel | Cada Consult","og_description":"Soluciones CAD & BIM, consultor\u00eda y servicios profesionales para la industria de la Arquitectura, ingenier\u00eda y Construcci\u00f3n (AEC).","og_url":"https:\/\/cadaconsult.com.ar\/new\/productos\/autodesk-advance-steel\/","og_site_name":"Cada Consult","article_modified_time":"2017-06-20T19:19:03+00:00","twitter_card":"summary_large_image","schema":{"@context":"https:\/\/schema.org","@graph":[{"@type":"WebPage","@id":"https:\/\/cadaconsult.com.ar\/new\/productos\/autodesk-advance-steel\/","url":"https:\/\/cadaconsult.com.ar\/new\/productos\/autodesk-advance-steel\/","name":"Autodesk Advance Steel | Cada Consult","isPartOf":{"@id":"https:\/\/cadaconsult.com.ar\/new\/#website"},"primaryImageOfPage":{"@id":"https:\/\/cadaconsult.com.ar\/new\/productos\/autodesk-advance-steel\/#primaryimage"},"image":{"@id":"https:\/\/cadaconsult.com.ar\/new\/productos\/autodesk-advance-steel\/#primaryimage"},"thumbnailUrl":"https:\/\/cadaconsult.com.ar\/new\/wp-content\/uploads\/2017\/07\/head_steel.jpg","datePublished":"2017-06-20T19:14:15+00:00","dateModified":"2017-06-20T19:19:03+00:00","description":"Soluciones CAD & BIM, consultor\u00eda y servicios profesionales para la industria de la Arquitectura, ingenier\u00eda y Construcci\u00f3n (AEC).","breadcrumb":{"@id":"https:\/\/cadaconsult.com.ar\/new\/productos\/autodesk-advance-steel\/#breadcrumb"},"inLanguage":"es","potentialAction":[{"@type":"ReadAction","target":["https:\/\/cadaconsult.com.ar\/new\/productos\/autodesk-advance-steel\/"]}]},{"@type":"ImageObject","inLanguage":"es","@id":"https:\/\/cadaconsult.com.ar\/new\/productos\/autodesk-advance-steel\/#primaryimage","url":"https:\/\/cadaconsult.com.ar\/new\/wp-content\/uploads\/2017\/07\/head_steel.jpg","contentUrl":"https:\/\/cadaconsult.com.ar\/new\/wp-content\/uploads\/2017\/07\/head_steel.jpg","width":1700,"height":300},{"@type":"BreadcrumbList","@id":"https:\/\/cadaconsult.com.ar\/new\/productos\/autodesk-advance-steel\/#breadcrumb","itemListElement":[{"@type":"ListItem","position":1,"name":"Portada","item":"https:\/\/cadaconsult.com.ar\/new\/"},{"@type":"ListItem","position":2,"name":"Productos","item":"https:\/\/cadaconsult.com.ar\/new\/productos\/"},{"@type":"ListItem","position":3,"name":"Autodesk Advance Steel"}]},{"@type":"WebSite","@id":"https:\/\/cadaconsult.com.ar\/new\/#website","url":"https:\/\/cadaconsult.com.ar\/new\/","name":"Cada Consult","description":"Tecnolog\u00eda Aplicada","publisher":{"@id":"https:\/\/cadaconsult.com.ar\/new\/#organization"},"potentialAction":[{"@type":"SearchAction","target":{"@type":"EntryPoint","urlTemplate":"https:\/\/cadaconsult.com.ar\/new\/?s={search_term_string}"},"query-input":{"@type":"PropertyValueSpecification","valueRequired":true,"valueName":"search_term_string"}}],"inLanguage":"es"},{"@type":"Organization","@id":"https:\/\/cadaconsult.com.ar\/new\/#organization","name":"Cada Consult","url":"https:\/\/cadaconsult.com.ar\/new\/","logo":{"@type":"ImageObject","inLanguage":"es","@id":"https:\/\/cadaconsult.com.ar\/new\/#\/schema\/logo\/image\/","url":"https:\/\/cadaconsult.com.ar\/new\/wp-content\/uploads\/2020\/12\/logo_cadaconsult.png","contentUrl":"https:\/\/cadaconsult.com.ar\/new\/wp-content\/uploads\/2020\/12\/logo_cadaconsult.png","width":230,"height":35,"caption":"Cada Consult"},"image":{"@id":"https:\/\/cadaconsult.com.ar\/new\/#\/schema\/logo\/image\/"}}]}},"_links":{"self":[{"href":"https:\/\/cadaconsult.com.ar\/new\/wp-json\/wp\/v2\/pages\/185","targetHints":{"allow":["GET"]}}],"collection":[{"href":"https:\/\/cadaconsult.com.ar\/new\/wp-json\/wp\/v2\/pages"}],"about":[{"href":"https:\/\/cadaconsult.com.ar\/new\/wp-json\/wp\/v2\/types\/page"}],"author":[{"embeddable":true,"href":"https:\/\/cadaconsult.com.ar\/new\/wp-json\/wp\/v2\/users\/2"}],"replies":[{"embeddable":true,"href":"https:\/\/cadaconsult.com.ar\/new\/wp-json\/wp\/v2\/comments?post=185"}],"version-history":[{"count":1,"href":"https:\/\/cadaconsult.com.ar\/new\/wp-json\/wp\/v2\/pages\/185\/revisions"}],"predecessor-version":[{"id":186,"href":"https:\/\/cadaconsult.com.ar\/new\/wp-json\/wp\/v2\/pages\/185\/revisions\/186"}],"up":[{"embeddable":true,"href":"https:\/\/cadaconsult.com.ar\/new\/wp-json\/wp\/v2\/pages\/12"}],"wp:attachment":[{"href":"https:\/\/cadaconsult.com.ar\/new\/wp-json\/wp\/v2\/media?parent=185"}],"curies":[{"name":"wp","href":"https:\/\/api.w.org\/{rel}","templated":true}]}}