{"id":18,"date":"2016-11-17T23:08:59","date_gmt":"2016-11-17T23:08:59","guid":{"rendered":"https:\/\/cadaconsult.com.ar\/new\/?page_id=18"},"modified":"2017-07-24T21:58:48","modified_gmt":"2017-07-24T21:58:48","slug":"clientes","status":"publish","type":"page","link":"https:\/\/cadaconsult.com.ar\/new\/clientes\/","title":{"rendered":"Clientes"},"content":{"rendered":"<div id=\"dslc-theme-content\"><div id=\"dslc-theme-content-inner\"><div id=\"dslc-main\">\n<div  class=\"dslc-modules-section  dslc-full \" style=\"padding-bottom:0px;padding-top:0px;\" data-section-id=\"f54f4c8413d\">\n<div class=\"dslc-modules-section-wrapper dslc-clearfix\">\n<style type=\"text\/css\" id=\"dslca-modules-area-\"><\/style>\n<div  class=\"dslc-modules-area dslc-col dslc-12-col dslc-last-col\" data-size=\"12\" data-valign=\"\" data-modules-area-id=\"\" >\n<div id=\"dslc-module-0103c59281d\" class=\"dslc-module-front dslc-module-DSLC_Image dslc-in-viewport-check dslc-in-viewport-anim-none  dslc-col dslc-12-col dslc-last-col  dslc-module-handle-like-regular \" data-module-id=\"0103c59281d\" data-module=\"DSLC_Image\" data-dslc-module-size=\"12\" data-dslc-anim=\"none\" data-dslc-anim-delay=\"0\" data-dslc-anim-duration=\"650\"  data-dslc-anim-easing=\"ease\" data-dslc-preset=\"none\" >\n<div class=\"dslc-image-container\">\n<div class=\"dslc-image\">\n<p>\t\t\t\t\t\t\t\t\t<img decoding=\"async\" src=\"https:\/\/cadaconsult.com.ar\/new\/wp-content\/uploads\/2017\/06\/head_clientes.jpg\" alt=\"\" title=\"head_clientes\" srcset=\"https:\/\/cadaconsult.com.ar\/new\/wp-content\/uploads\/2017\/06\/head_clientes.jpg 1700w, https:\/\/cadaconsult.com.ar\/new\/wp-content\/uploads\/2017\/06\/head_clientes-300x44.jpg 300w, https:\/\/cadaconsult.com.ar\/new\/wp-content\/uploads\/2017\/06\/head_clientes-768x113.jpg 768w, https:\/\/cadaconsult.com.ar\/new\/wp-content\/uploads\/2017\/06\/head_clientes-1024x151.jpg 1024w\" sizes=\"(max-width: 1700px) 100vw, 1700px\" \/><\/p><\/div>\n<p><!-- .dslc-image -->\n\t\t<\/div>\n<\/p><\/div>\n<p><!-- .dslc-module -->\n\t\t<\/div>\n<\/div>\n<\/div>\n<div  class=\"dslc-modules-section \" style=\"padding-bottom:20px;padding-top:20px;\" data-section-id=\"f54f4c8413d\">\n<div class=\"dslc-modules-section-wrapper dslc-clearfix\">\n<style type=\"text\/css\" id=\"dslca-modules-area-\"><\/style>\n<div  class=\"dslc-modules-area dslc-col dslc-12-col dslc-last-col\" data-size=\"12\" data-valign=\"\" data-modules-area-id=\"\" >\n<div id=\"dslc-module-59dc093ee48\" class=\"dslc-module-front dslc-module-DSLC_TP_Title dslc-in-viewport-check dslc-in-viewport-anim-none  dslc-col dslc-12-col dslc-last-col  dslc-module-handle-like-regular \" data-module-id=\"59dc093ee48\" data-module=\"DSLC_TP_Title\" data-dslc-module-size=\"12\" data-dslc-anim=\"none\" data-dslc-anim-delay=\"0\" data-dslc-anim-duration=\"650\"  data-dslc-anim-easing=\"ease\" data-dslc-preset=\"none\" >\n<div class=\"dslc-tp-title\">\n<div class=\"dslc-tp-title\">\n<h1>Clientes<\/h1>\n<\/div><\/div>\n<\/p><\/div>\n<p><!-- .dslc-module -->\n\t\t<\/div>\n<\/div>\n<\/div>\n<div  class=\"dslc-modules-section \" style=\"margin-bottom:35px;padding-bottom:0px;padding-top:0px;\" data-section-id=\"f54f4c8413d\">\n<div class=\"dslc-modules-section-wrapper dslc-clearfix\">\n<style type=\"text\/css\" id=\"dslca-modules-area-\"><\/style>\n<div  class=\"dslc-modules-area dslc-col dslc-12-col dslc-last-col\" data-size=\"12\" data-valign=\"\" data-modules-area-id=\"\" >\n<div id=\"dslc-module-c3bc533a0b1\" class=\"dslc-module-front dslc-module-DSLC_TP_Content dslc-in-viewport-check dslc-in-viewport-anim-none  dslc-col dslc-6-col  dslc-module-handle-like-regular \" data-module-id=\"c3bc533a0b1\" data-module=\"DSLC_TP_Content\" data-dslc-module-size=\"6\" data-dslc-anim=\"none\" data-dslc-anim-delay=\"0\" data-dslc-anim-duration=\"650\"  data-dslc-anim-easing=\"ease\" data-dslc-preset=\"none\" >\n<div class=\"dslc-tp-content\">\n\t\t\t\t\t<\/div>\n<\/p><\/div>\n<p><!-- .dslc-module -->\n\t\t<\/div>\n<\/div>\n<\/div>\n<\/div>\n<\/div><\/div>","protected":false},"excerpt":{"rendered":"<p>Clientes<\/p>\n","protected":false},"author":2,"featured_media":0,"parent":0,"menu_order":0,"comment_status":"closed","ping_status":"closed","template":"","meta":{"footnotes":""},"class_list":["post-18","page","type-page","status-publish","hentry"],"yoast_head":"<!-- This site is optimized with the Yoast SEO plugin v27.4 - https:\/\/yoast.com\/product\/yoast-seo-wordpress\/ -->\n<title>Clientes | Cada Consult<\/title>\n<meta name=\"description\" content=\"Soluciones CAD &amp; BIM, consultor\u00eda y servicios profesionales para la industria de la Arquitectura, ingenier\u00eda y Construcci\u00f3n (AEC).\" \/>\n<meta name=\"robots\" content=\"index, follow, max-snippet:-1, max-image-preview:large, max-video-preview:-1\" \/>\n<link rel=\"canonical\" href=\"https:\/\/cadaconsult.com.ar\/new\/clientes\/\" \/>\n<meta property=\"og:locale\" content=\"es_ES\" \/>\n<meta property=\"og:type\" content=\"article\" \/>\n<meta property=\"og:title\" content=\"Clientes | Cada Consult\" \/>\n<meta property=\"og:description\" content=\"Soluciones CAD &amp; BIM, consultor\u00eda y servicios profesionales para la industria de la Arquitectura, ingenier\u00eda y Construcci\u00f3n (AEC).\" \/>\n<meta property=\"og:url\" content=\"https:\/\/cadaconsult.com.ar\/new\/clientes\/\" \/>\n<meta property=\"og:site_name\" content=\"Cada Consult\" \/>\n<meta property=\"article:modified_time\" content=\"2017-07-24T21:58:48+00:00\" \/>\n<meta name=\"twitter:card\" content=\"summary_large_image\" \/>\n<script type=\"application\/ld+json\" class=\"yoast-schema-graph\">{\"@context\":\"https:\\\/\\\/schema.org\",\"@graph\":[{\"@type\":\"WebPage\",\"@id\":\"https:\\\/\\\/cadaconsult.com.ar\\\/new\\\/clientes\\\/\",\"url\":\"https:\\\/\\\/cadaconsult.com.ar\\\/new\\\/clientes\\\/\",\"name\":\"Clientes | Cada Consult\",\"isPartOf\":{\"@id\":\"https:\\\/\\\/cadaconsult.com.ar\\\/new\\\/#website\"},\"primaryImageOfPage\":{\"@id\":\"https:\\\/\\\/cadaconsult.com.ar\\\/new\\\/clientes\\\/#primaryimage\"},\"image\":{\"@id\":\"https:\\\/\\\/cadaconsult.com.ar\\\/new\\\/clientes\\\/#primaryimage\"},\"thumbnailUrl\":\"https:\\\/\\\/cadaconsult.com.ar\\\/new\\\/wp-content\\\/uploads\\\/2017\\\/06\\\/head_clientes.jpg\",\"datePublished\":\"2016-11-17T23:08:59+00:00\",\"dateModified\":\"2017-07-24T21:58:48+00:00\",\"description\":\"Soluciones CAD & BIM, consultor\u00eda y servicios profesionales para la industria de la Arquitectura, ingenier\u00eda y Construcci\u00f3n (AEC).\",\"breadcrumb\":{\"@id\":\"https:\\\/\\\/cadaconsult.com.ar\\\/new\\\/clientes\\\/#breadcrumb\"},\"inLanguage\":\"es\",\"potentialAction\":[{\"@type\":\"ReadAction\",\"target\":[\"https:\\\/\\\/cadaconsult.com.ar\\\/new\\\/clientes\\\/\"]}]},{\"@type\":\"ImageObject\",\"inLanguage\":\"es\",\"@id\":\"https:\\\/\\\/cadaconsult.com.ar\\\/new\\\/clientes\\\/#primaryimage\",\"url\":\"https:\\\/\\\/cadaconsult.com.ar\\\/new\\\/wp-content\\\/uploads\\\/2017\\\/06\\\/head_clientes.jpg\",\"contentUrl\":\"https:\\\/\\\/cadaconsult.com.ar\\\/new\\\/wp-content\\\/uploads\\\/2017\\\/06\\\/head_clientes.jpg\",\"width\":1700,\"height\":250},{\"@type\":\"BreadcrumbList\",\"@id\":\"https:\\\/\\\/cadaconsult.com.ar\\\/new\\\/clientes\\\/#breadcrumb\",\"itemListElement\":[{\"@type\":\"ListItem\",\"position\":1,\"name\":\"Portada\",\"item\":\"https:\\\/\\\/cadaconsult.com.ar\\\/new\\\/\"},{\"@type\":\"ListItem\",\"position\":2,\"name\":\"Clientes\"}]},{\"@type\":\"WebSite\",\"@id\":\"https:\\\/\\\/cadaconsult.com.ar\\\/new\\\/#website\",\"url\":\"https:\\\/\\\/cadaconsult.com.ar\\\/new\\\/\",\"name\":\"Cada Consult\",\"description\":\"Tecnolog\u00eda Aplicada\",\"publisher\":{\"@id\":\"https:\\\/\\\/cadaconsult.com.ar\\\/new\\\/#organization\"},\"potentialAction\":[{\"@type\":\"SearchAction\",\"target\":{\"@type\":\"EntryPoint\",\"urlTemplate\":\"https:\\\/\\\/cadaconsult.com.ar\\\/new\\\/?s={search_term_string}\"},\"query-input\":{\"@type\":\"PropertyValueSpecification\",\"valueRequired\":true,\"valueName\":\"search_term_string\"}}],\"inLanguage\":\"es\"},{\"@type\":\"Organization\",\"@id\":\"https:\\\/\\\/cadaconsult.com.ar\\\/new\\\/#organization\",\"name\":\"Cada Consult\",\"url\":\"https:\\\/\\\/cadaconsult.com.ar\\\/new\\\/\",\"logo\":{\"@type\":\"ImageObject\",\"inLanguage\":\"es\",\"@id\":\"https:\\\/\\\/cadaconsult.com.ar\\\/new\\\/#\\\/schema\\\/logo\\\/image\\\/\",\"url\":\"https:\\\/\\\/cadaconsult.com.ar\\\/new\\\/wp-content\\\/uploads\\\/2020\\\/12\\\/logo_cadaconsult.png\",\"contentUrl\":\"https:\\\/\\\/cadaconsult.com.ar\\\/new\\\/wp-content\\\/uploads\\\/2020\\\/12\\\/logo_cadaconsult.png\",\"width\":230,\"height\":35,\"caption\":\"Cada Consult\"},\"image\":{\"@id\":\"https:\\\/\\\/cadaconsult.com.ar\\\/new\\\/#\\\/schema\\\/logo\\\/image\\\/\"}}]}<\/script>\n<!-- \/ Yoast SEO plugin. -->","yoast_head_json":{"title":"Clientes | Cada Consult","description":"Soluciones CAD & BIM, consultor\u00eda y servicios profesionales para la industria de la Arquitectura, ingenier\u00eda y Construcci\u00f3n (AEC).","robots":{"index":"index","follow":"follow","max-snippet":"max-snippet:-1","max-image-preview":"max-image-preview:large","max-video-preview":"max-video-preview:-1"},"canonical":"https:\/\/cadaconsult.com.ar\/new\/clientes\/","og_locale":"es_ES","og_type":"article","og_title":"Clientes | Cada Consult","og_description":"Soluciones CAD & BIM, consultor\u00eda y servicios profesionales para la industria de la Arquitectura, ingenier\u00eda y Construcci\u00f3n (AEC).","og_url":"https:\/\/cadaconsult.com.ar\/new\/clientes\/","og_site_name":"Cada Consult","article_modified_time":"2017-07-24T21:58:48+00:00","twitter_card":"summary_large_image","schema":{"@context":"https:\/\/schema.org","@graph":[{"@type":"WebPage","@id":"https:\/\/cadaconsult.com.ar\/new\/clientes\/","url":"https:\/\/cadaconsult.com.ar\/new\/clientes\/","name":"Clientes | Cada Consult","isPartOf":{"@id":"https:\/\/cadaconsult.com.ar\/new\/#website"},"primaryImageOfPage":{"@id":"https:\/\/cadaconsult.com.ar\/new\/clientes\/#primaryimage"},"image":{"@id":"https:\/\/cadaconsult.com.ar\/new\/clientes\/#primaryimage"},"thumbnailUrl":"https:\/\/cadaconsult.com.ar\/new\/wp-content\/uploads\/2017\/06\/head_clientes.jpg","datePublished":"2016-11-17T23:08:59+00:00","dateModified":"2017-07-24T21:58:48+00:00","description":"Soluciones CAD & BIM, consultor\u00eda y servicios profesionales para la industria de la Arquitectura, ingenier\u00eda y Construcci\u00f3n (AEC).","breadcrumb":{"@id":"https:\/\/cadaconsult.com.ar\/new\/clientes\/#breadcrumb"},"inLanguage":"es","potentialAction":[{"@type":"ReadAction","target":["https:\/\/cadaconsult.com.ar\/new\/clientes\/"]}]},{"@type":"ImageObject","inLanguage":"es","@id":"https:\/\/cadaconsult.com.ar\/new\/clientes\/#primaryimage","url":"https:\/\/cadaconsult.com.ar\/new\/wp-content\/uploads\/2017\/06\/head_clientes.jpg","contentUrl":"https:\/\/cadaconsult.com.ar\/new\/wp-content\/uploads\/2017\/06\/head_clientes.jpg","width":1700,"height":250},{"@type":"BreadcrumbList","@id":"https:\/\/cadaconsult.com.ar\/new\/clientes\/#breadcrumb","itemListElement":[{"@type":"ListItem","position":1,"name":"Portada","item":"https:\/\/cadaconsult.com.ar\/new\/"},{"@type":"ListItem","position":2,"name":"Clientes"}]},{"@type":"WebSite","@id":"https:\/\/cadaconsult.com.ar\/new\/#website","url":"https:\/\/cadaconsult.com.ar\/new\/","name":"Cada Consult","description":"Tecnolog\u00eda Aplicada","publisher":{"@id":"https:\/\/cadaconsult.com.ar\/new\/#organization"},"potentialAction":[{"@type":"SearchAction","target":{"@type":"EntryPoint","urlTemplate":"https:\/\/cadaconsult.com.ar\/new\/?s={search_term_string}"},"query-input":{"@type":"PropertyValueSpecification","valueRequired":true,"valueName":"search_term_string"}}],"inLanguage":"es"},{"@type":"Organization","@id":"https:\/\/cadaconsult.com.ar\/new\/#organization","name":"Cada Consult","url":"https:\/\/cadaconsult.com.ar\/new\/","logo":{"@type":"ImageObject","inLanguage":"es","@id":"https:\/\/cadaconsult.com.ar\/new\/#\/schema\/logo\/image\/","url":"https:\/\/cadaconsult.com.ar\/new\/wp-content\/uploads\/2020\/12\/logo_cadaconsult.png","contentUrl":"https:\/\/cadaconsult.com.ar\/new\/wp-content\/uploads\/2020\/12\/logo_cadaconsult.png","width":230,"height":35,"caption":"Cada Consult"},"image":{"@id":"https:\/\/cadaconsult.com.ar\/new\/#\/schema\/logo\/image\/"}}]}},"_links":{"self":[{"href":"https:\/\/cadaconsult.com.ar\/new\/wp-json\/wp\/v2\/pages\/18","targetHints":{"allow":["GET"]}}],"collection":[{"href":"https:\/\/cadaconsult.com.ar\/new\/wp-json\/wp\/v2\/pages"}],"about":[{"href":"https:\/\/cadaconsult.com.ar\/new\/wp-json\/wp\/v2\/types\/page"}],"author":[{"embeddable":true,"href":"https:\/\/cadaconsult.com.ar\/new\/wp-json\/wp\/v2\/users\/2"}],"replies":[{"embeddable":true,"href":"https:\/\/cadaconsult.com.ar\/new\/wp-json\/wp\/v2\/comments?post=18"}],"version-history":[{"count":3,"href":"https:\/\/cadaconsult.com.ar\/new\/wp-json\/wp\/v2\/pages\/18\/revisions"}],"predecessor-version":[{"id":400,"href":"https:\/\/cadaconsult.com.ar\/new\/wp-json\/wp\/v2\/pages\/18\/revisions\/400"}],"wp:attachment":[{"href":"https:\/\/cadaconsult.com.ar\/new\/wp-json\/wp\/v2\/media?parent=18"}],"curies":[{"name":"wp","href":"https:\/\/api.w.org\/{rel}","templated":true}]}}