{"id":179,"date":"2017-06-20T19:11:57","date_gmt":"2017-06-20T19:11:57","guid":{"rendered":"https:\/\/cadaconsult.com.ar\/new\/?page_id=179"},"modified":"2017-06-20T19:19:37","modified_gmt":"2017-06-20T19:19:37","slug":"autodesk-vehicule-tracking","status":"publish","type":"page","link":"https:\/\/cadaconsult.com.ar\/new\/productos\/autodesk-vehicule-tracking\/","title":{"rendered":"Autodesk Vehicule Tracking"},"content":{"rendered":"<div id=\"dslc-theme-content\"><div id=\"dslc-theme-content-inner\"><div id=\"dslc-main\">\n<div  class=\"dslc-modules-section  dslc-full \" style=\"padding-bottom:0px;padding-top:0px;\" data-section-id=\"48f3423266a\">\n<div class=\"dslc-modules-section-wrapper dslc-clearfix\">\n<style type=\"text\/css\" id=\"dslca-modules-area-\"><\/style>\n<div  class=\"dslc-modules-area dslc-col dslc-12-col dslc-last-col dslc-valign- \" data-size=\"12\" data-valign=\"\" data-modules-area-id=\"\" >\n<div id=\"dslc-module-8531570959a\" class=\"dslc-module-front dslc-module-DSLC_Image dslc-in-viewport-check dslc-in-viewport-anim-none  dslc-col dslc-12-col dslc-last-col  dslc-module-handle-like-regular \" data-module-id=\"8531570959a\" data-module=\"DSLC_Image\" data-dslc-module-size=\"12\" data-dslc-anim=\"none\" data-dslc-anim-delay=\"0\" data-dslc-anim-duration=\"650\"  data-dslc-anim-easing=\"ease\" data-dslc-preset=\"none\" >\n<div class=\"dslc-image-container\">\n<div class=\"dslc-image\">\n<p>\t\t\t\t\t\t\t\t\t<img decoding=\"async\" src=\"https:\/\/cadaconsult.com.ar\/new\/wp-content\/uploads\/2017\/07\/head_vehicle.jpg\" alt=\"\" title=\"head_vehicle\" srcset=\"https:\/\/cadaconsult.com.ar\/new\/wp-content\/uploads\/2017\/07\/head_vehicle.jpg 1700w, https:\/\/cadaconsult.com.ar\/new\/wp-content\/uploads\/2017\/07\/head_vehicle-300x53.jpg 300w, https:\/\/cadaconsult.com.ar\/new\/wp-content\/uploads\/2017\/07\/head_vehicle-768x136.jpg 768w, https:\/\/cadaconsult.com.ar\/new\/wp-content\/uploads\/2017\/07\/head_vehicle-1024x181.jpg 1024w\" sizes=\"(max-width: 1700px) 100vw, 1700px\" \/><\/p><\/div>\n<p><!-- .dslc-image -->\n\t\t<\/div>\n<\/p><\/div>\n<p><!-- .dslc-module -->\n\t\t<\/div>\n<\/div>\n<\/div>\n<div  class=\"dslc-modules-section \" style=\"padding-bottom:35px;padding-top:35px;\" data-section-id=\"48f3423266a\">\n<div class=\"dslc-modules-section-wrapper dslc-clearfix\">\n<style type=\"text\/css\" id=\"dslca-modules-area-\"><\/style>\n<div  class=\"dslc-modules-area dslc-col dslc-12-col dslc-last-col dslc-valign- \" data-size=\"12\" data-valign=\"\" data-modules-area-id=\"\" >\n<div id=\"dslc-module-c2a330b2437\" class=\"dslc-module-front dslc-module-DSLC_TP_Title dslc-in-viewport-check dslc-in-viewport-anim-none  dslc-col dslc-12-col dslc-last-col  dslc-module-handle-like-regular \" data-module-id=\"c2a330b2437\" data-module=\"DSLC_TP_Title\" data-dslc-module-size=\"12\" data-dslc-anim=\"none\" data-dslc-anim-delay=\"0\" data-dslc-anim-duration=\"650\"  data-dslc-anim-easing=\"ease\" data-dslc-preset=\"none\" >\n<div class=\"dslc-tp-title\">\n<div class=\"dslc-tp-title\">\n<h1>Autodesk Vehicule Tracking<\/h1>\n<\/div><\/div>\n<\/p><\/div>\n<p><!-- .dslc-module -->\n\t\t<\/div>\n<\/div>\n<\/div>\n<div  class=\"dslc-modules-section \" style=\"padding-bottom:0px;padding-top:0px;\" data-section-id=\"60u8k3vjk5o\">\n<div class=\"dslc-modules-section-wrapper dslc-clearfix\">\n<style type=\"text\/css\" id=\"dslca-modules-area-\"><\/style>\n<div  class=\"dslc-modules-area dslc-col dslc-8-col dslc-first-col dslc-valign- \" data-size=\"8\" data-valign=\"\" data-modules-area-id=\"\" >\n<div id=\"dslc-module-c2356055724\" class=\"dslc-module-front dslc-module-DSLC_Text_Simple dslc-in-viewport-check dslc-in-viewport-anim-none  dslc-col dslc-12-col dslc-last-col  dslc-module-handle-like-regular \" data-module-id=\"c2356055724\" data-module=\"DSLC_Text_Simple\" data-dslc-module-size=\"12\" data-dslc-anim=\"none\" data-dslc-anim-delay=\"0\" data-dslc-anim-duration=\"650\"  data-dslc-anim-easing=\"ease\" data-dslc-preset=\"none\" >\n<div class=\"dslc-text-module-content\">\n<h3>Overview<\/h3>\n<h1>Vehicle swept path analysis software<\/h1>\n<p>Vehicle Tracking transportation analysis and design software is built for vehicle swept path analysis. Engineers, designers, and planners can evaluate vehicle movements on transportation or site design projects.<\/p>\n<p><strong>Work in an AutoCAD or MicroStation environment<\/strong><br \/>Use analysis and simulation tools that integrate with AutoCAD and Bentley MicroStation software to predictably evaluate the movements of steered vehicles, light rail vehicles, and aircraft, and to design parking lots and intersections. Vehicle Tracking software integrates with the following:<\/p>\n<ul>\n<li>AutoCAD<\/li>\n<li>AutoCAD Civil 3D<\/li>\n<li>AutoCAD Architecture<\/li>\n<li>AutoCAD Plant 3D<\/li>\n<li>AutoCAD Map 3D<\/li>\n<li>AutoCAD Utility Design<\/li>\n<li>MicroStation V8i (SELECTseries 1, SELECTseries 2, and SELECTseries 3)<\/li>\n<\/ul>\n<p><strong>Vehicle swept path analysis<\/strong><br \/>Vehicle Tracking (formerly AutoTrack) is the leading swept path analysis software. The intuitive drive modes and dynamic path editing make it easy to assess existing conditions and evaluate design proposals for vehicle access. Whether you are checking driveway access for a residential development or route planning for wind farm components, Vehicle Tracking has the advanced tools to help.<\/p>\n<p>Animate your vehicle paths directly within the CAD environment without the need to export your design. 2D and 3D animations are possible with only a couple of mouse clicks, using multiple camera angles and even a record function.<\/p>\n<p><strong>Parking lot design<\/strong><br \/>Lay out vehicle parking areas in minutes instead of hours. Quickly and accurately place rows, custom bays, and access roads. The parking rows are intelligent objects based on design standards available for more than 15 countries. Use the grips to easily edit the standards and streamline the evaluation of design alternatives.<\/p>\n<p><strong>Roundabout design<\/strong><br \/>The road design tool uses intelligent objects to enable engineers to create and edit roundabout geometry quickly, easily, and to a variety of international design standards. Rule-based design criteria enable rapid model building; alter any section of road geometry, other related alignments, corridors, signage, analyses, and measurements update. This situation shifts the balance of project hours from drafting routine lines and arc segments to engineering design and optimization.<\/p>\n<p>In addition to the ability to auto-generate the parameters required for traffic analysis, the software also includes a built in bi-directional dynamic link to TRL\u2019s ARCADY software, allowing for real-time feedback on traffic analysis as the roundabout geometry updates.<\/p>\n<p><strong>Airport design<\/strong><br \/>Analyze all aspects of airside vehicle operations by checking taxiing, stand clearances, pushback maneuvers, jet blast safety zones, ground service vehicle access, and many others.<\/p>\n<p>Drive a huge database of aircraft and ground service vehicles are provided using any of the 5 main drive modes. The software\u2019s Follow Drive mode lets you track the aircraft along the taxiway using any point you desire\u2014including wingtip, nosewheel, and fuselage. Clearance envelopes for both body and wheels enable you to track critical points on the aircraft, making safety assessments easier.<\/p>\n<p><strong>Light rail and tram design<\/strong><br \/>Check and assess the movements of trams and other light rail vehicles. The automatic Guided Drive mode will model the path of most trams with single or double multi-axle bogies, as well as suspended units. Use the Report Wizard to model clearance\/safety envelopes and a special Pantograph Report to track the path of the pantograph independent of the rest of the vehicle.<\/p>\n<\/p><\/div>\n<\/p><\/div>\n<p><!-- .dslc-module -->\n\t\t<\/div>\n<style type=\"text\/css\" id=\"dslca-modules-area-\"><\/style>\n<div  class=\"dslc-modules-area dslc-col dslc-4-col dslc-last-col dslc-valign- \" data-size=\"4\" data-valign=\"\" data-modules-area-id=\"\" >\n<div id=\"dslc-module-jf5u8f003og\" class=\"dslc-module-front dslc-module-DSLC_Text_Simple dslc-in-viewport-check dslc-in-viewport-anim-none  dslc-col dslc-12-col dslc-last-col  dslc-module-handle-like-regular \" data-module-id=\"jf5u8f003og\" data-module=\"DSLC_Text_Simple\" data-dslc-module-size=\"12\" data-dslc-anim=\"none\" data-dslc-anim-delay=\"\" data-dslc-anim-duration=\"650\"  data-dslc-anim-easing=\"ease\" data-dslc-preset=\"none\" >\n<div class=\"dslc-text-module-content\">\n<h3>Overview Video<\/h3>\n<p>This video demonstrates how engineers, designers, and planners can use Vehicle Tracking to analyze and incorporate the movement of vehicles throughout the design process.<\/p>\n<p><strong>Watch video (1:20 min.)<\/strong><\/p>\n<\/p><\/div>\n<\/p><\/div>\n<p><!-- .dslc-module --><\/p>\n<div id=\"dslc-module-f8f1666b727\" class=\"dslc-module-front dslc-module-DSLC_Image dslc-in-viewport-check dslc-in-viewport-anim-none  dslc-col dslc-12-col dslc-last-col  dslc-module-handle-like-regular \" data-module-id=\"f8f1666b727\" data-module=\"DSLC_Image\" data-dslc-module-size=\"12\" data-dslc-anim=\"none\" data-dslc-anim-delay=\"0\" data-dslc-anim-duration=\"650\"  data-dslc-anim-easing=\"ease\" data-dslc-preset=\"none\" >\n<div class=\"dslc-image-container\">\n<div class=\"dslc-image\">\n<p>\t\t\t\t\t\t\t\t\t<a class=\"\" href=\"https:\/\/videos.autodesk.com\/zencoder\/content\/dam\/autodesk\/www\/products\/vehicle-tracking\/responsive-center\/videos\/vehicle-tracking-overview-video-896x504.webm\" target=\"_blank\"  ><br \/>\n\t\t\t\t\t\t\t\t\t<img decoding=\"async\" src=\"https:\/\/cadaconsult.com.ar\/new\/wp-content\/uploads\/2017\/07\/vehicle-tracking-overview-video-thumb-572x340.jpg\" alt=\"\" title=\"vehicle-tracking-overview-video-thumb-572\u00d7340\" srcset=\"https:\/\/cadaconsult.com.ar\/new\/wp-content\/uploads\/2017\/07\/vehicle-tracking-overview-video-thumb-572x340.jpg 572w, https:\/\/cadaconsult.com.ar\/new\/wp-content\/uploads\/2017\/07\/vehicle-tracking-overview-video-thumb-572x340-300x178.jpg 300w\" sizes=\"(max-width: 572px) 100vw, 572px\" \/><br \/>\n\t\t\t\t\t\t\t\t\t<\/a><\/p>\n<div class=\"dslc-image-caption\">\n<p>\t\t\t\t\t\t\t\t\t\t\t\t\tThis is just some placeholder text. Click to edit it.\t\t\t\t\t\t\t\t\t\t\t<\/p><\/div>\n<\/p><\/div>\n<p><!-- .dslc-image -->\n\t\t<\/div>\n<\/p><\/div>\n<p><!-- .dslc-module --><\/p>\n<div id=\"dslc-module-fde3084e752\" class=\"dslc-module-front dslc-module-DSLC_Button dslc-in-viewport-check dslc-in-viewport-anim-none  dslc-col dslc-12-col dslc-last-col  dslc-module-handle-like-regular \" data-module-id=\"fde3084e752\" data-module=\"DSLC_Button\" data-dslc-module-size=\"12\" data-dslc-anim=\"none\" data-dslc-anim-delay=\"\" data-dslc-anim-duration=\"650\"  data-dslc-anim-easing=\"ease\" data-dslc-preset=\"none\" >\n<div class=\"dslc-button\">\n\t\t\t\t\t\t\t\t\t<a href=\"https:\/\/www.autodesk.com\/products\/vehicle-tracking\/overview\" target=\"_blank\"  onClick=\"\" class=\"\"><br \/>\n\t\t\t\t\t\t\t\t\t\t\t\t\t\t\t\t\t\t\t<span>MAS INFORMACI\u00d3N<\/span><br \/>\n\t\t\t\t\t\t\t\t\t\t\t\t\t\t\t\t\t<\/a>\n\t\t\t\t\t\t\t<\/div>\n<p><!-- .dslc-button --><\/p><\/div>\n<p><!-- .dslc-module -->\n\t\t<\/div>\n<\/div>\n<\/div>\n<\/div>\n<\/div><\/div>","protected":false},"excerpt":{"rendered":"<p>Autodesk Vehicule Tracking Overview Vehicle swept path analysis software Vehicle Tracking transportation analysis and design software is built for vehicle swept path analysis. Engineers, designers, and planners can evaluate vehicle movements on transportation or site design projects. Work in an AutoCAD or MicroStation environmentUse analysis and simulation tools that integrate with AutoCAD and Bentley MicroStation [&hellip;]<\/p>\n","protected":false},"author":2,"featured_media":0,"parent":12,"menu_order":0,"comment_status":"closed","ping_status":"closed","template":"","meta":{"footnotes":""},"class_list":["post-179","page","type-page","status-publish","hentry"],"yoast_head":"<!-- This site is optimized with the Yoast SEO plugin v27.5 - https:\/\/yoast.com\/product\/yoast-seo-wordpress\/ -->\n<title>Autodesk Vehicule Tracking | Cada Consult<\/title>\n<meta name=\"description\" content=\"Soluciones CAD &amp; BIM, consultor\u00eda y servicios profesionales para la industria de la Arquitectura, ingenier\u00eda y Construcci\u00f3n (AEC).\" \/>\n<meta name=\"robots\" content=\"index, follow, max-snippet:-1, max-image-preview:large, max-video-preview:-1\" \/>\n<link rel=\"canonical\" href=\"https:\/\/cadaconsult.com.ar\/new\/productos\/autodesk-vehicule-tracking\/\" \/>\n<meta property=\"og:locale\" content=\"es_ES\" \/>\n<meta property=\"og:type\" content=\"article\" \/>\n<meta property=\"og:title\" content=\"Autodesk Vehicule Tracking | Cada Consult\" \/>\n<meta property=\"og:description\" content=\"Soluciones CAD &amp; BIM, consultor\u00eda y servicios profesionales para la industria de la Arquitectura, ingenier\u00eda y Construcci\u00f3n (AEC).\" \/>\n<meta property=\"og:url\" content=\"https:\/\/cadaconsult.com.ar\/new\/productos\/autodesk-vehicule-tracking\/\" \/>\n<meta property=\"og:site_name\" content=\"Cada Consult\" \/>\n<meta property=\"article:modified_time\" content=\"2017-06-20T19:19:37+00:00\" \/>\n<meta name=\"twitter:card\" content=\"summary_large_image\" \/>\n<meta name=\"twitter:label1\" content=\"Tiempo de lectura\" \/>\n\t<meta name=\"twitter:data1\" content=\"3 minutos\" \/>\n<script type=\"application\/ld+json\" class=\"yoast-schema-graph\">{\"@context\":\"https:\\\/\\\/schema.org\",\"@graph\":[{\"@type\":\"WebPage\",\"@id\":\"https:\\\/\\\/cadaconsult.com.ar\\\/new\\\/productos\\\/autodesk-vehicule-tracking\\\/\",\"url\":\"https:\\\/\\\/cadaconsult.com.ar\\\/new\\\/productos\\\/autodesk-vehicule-tracking\\\/\",\"name\":\"Autodesk Vehicule Tracking | Cada Consult\",\"isPartOf\":{\"@id\":\"https:\\\/\\\/cadaconsult.com.ar\\\/new\\\/#website\"},\"primaryImageOfPage\":{\"@id\":\"https:\\\/\\\/cadaconsult.com.ar\\\/new\\\/productos\\\/autodesk-vehicule-tracking\\\/#primaryimage\"},\"image\":{\"@id\":\"https:\\\/\\\/cadaconsult.com.ar\\\/new\\\/productos\\\/autodesk-vehicule-tracking\\\/#primaryimage\"},\"thumbnailUrl\":\"https:\\\/\\\/cadaconsult.com.ar\\\/new\\\/wp-content\\\/uploads\\\/2017\\\/07\\\/head_vehicle.jpg\",\"datePublished\":\"2017-06-20T19:11:57+00:00\",\"dateModified\":\"2017-06-20T19:19:37+00:00\",\"description\":\"Soluciones CAD & BIM, consultor\u00eda y servicios profesionales para la industria de la Arquitectura, ingenier\u00eda y Construcci\u00f3n (AEC).\",\"breadcrumb\":{\"@id\":\"https:\\\/\\\/cadaconsult.com.ar\\\/new\\\/productos\\\/autodesk-vehicule-tracking\\\/#breadcrumb\"},\"inLanguage\":\"es\",\"potentialAction\":[{\"@type\":\"ReadAction\",\"target\":[\"https:\\\/\\\/cadaconsult.com.ar\\\/new\\\/productos\\\/autodesk-vehicule-tracking\\\/\"]}]},{\"@type\":\"ImageObject\",\"inLanguage\":\"es\",\"@id\":\"https:\\\/\\\/cadaconsult.com.ar\\\/new\\\/productos\\\/autodesk-vehicule-tracking\\\/#primaryimage\",\"url\":\"https:\\\/\\\/cadaconsult.com.ar\\\/new\\\/wp-content\\\/uploads\\\/2017\\\/07\\\/head_vehicle.jpg\",\"contentUrl\":\"https:\\\/\\\/cadaconsult.com.ar\\\/new\\\/wp-content\\\/uploads\\\/2017\\\/07\\\/head_vehicle.jpg\",\"width\":1700,\"height\":300},{\"@type\":\"BreadcrumbList\",\"@id\":\"https:\\\/\\\/cadaconsult.com.ar\\\/new\\\/productos\\\/autodesk-vehicule-tracking\\\/#breadcrumb\",\"itemListElement\":[{\"@type\":\"ListItem\",\"position\":1,\"name\":\"Portada\",\"item\":\"https:\\\/\\\/cadaconsult.com.ar\\\/new\\\/\"},{\"@type\":\"ListItem\",\"position\":2,\"name\":\"Productos\",\"item\":\"https:\\\/\\\/cadaconsult.com.ar\\\/new\\\/productos\\\/\"},{\"@type\":\"ListItem\",\"position\":3,\"name\":\"Autodesk Vehicule Tracking\"}]},{\"@type\":\"WebSite\",\"@id\":\"https:\\\/\\\/cadaconsult.com.ar\\\/new\\\/#website\",\"url\":\"https:\\\/\\\/cadaconsult.com.ar\\\/new\\\/\",\"name\":\"Cada Consult\",\"description\":\"Tecnolog\u00eda Aplicada\",\"publisher\":{\"@id\":\"https:\\\/\\\/cadaconsult.com.ar\\\/new\\\/#organization\"},\"potentialAction\":[{\"@type\":\"SearchAction\",\"target\":{\"@type\":\"EntryPoint\",\"urlTemplate\":\"https:\\\/\\\/cadaconsult.com.ar\\\/new\\\/?s={search_term_string}\"},\"query-input\":{\"@type\":\"PropertyValueSpecification\",\"valueRequired\":true,\"valueName\":\"search_term_string\"}}],\"inLanguage\":\"es\"},{\"@type\":\"Organization\",\"@id\":\"https:\\\/\\\/cadaconsult.com.ar\\\/new\\\/#organization\",\"name\":\"Cada Consult\",\"url\":\"https:\\\/\\\/cadaconsult.com.ar\\\/new\\\/\",\"logo\":{\"@type\":\"ImageObject\",\"inLanguage\":\"es\",\"@id\":\"https:\\\/\\\/cadaconsult.com.ar\\\/new\\\/#\\\/schema\\\/logo\\\/image\\\/\",\"url\":\"https:\\\/\\\/cadaconsult.com.ar\\\/new\\\/wp-content\\\/uploads\\\/2020\\\/12\\\/logo_cadaconsult.png\",\"contentUrl\":\"https:\\\/\\\/cadaconsult.com.ar\\\/new\\\/wp-content\\\/uploads\\\/2020\\\/12\\\/logo_cadaconsult.png\",\"width\":230,\"height\":35,\"caption\":\"Cada Consult\"},\"image\":{\"@id\":\"https:\\\/\\\/cadaconsult.com.ar\\\/new\\\/#\\\/schema\\\/logo\\\/image\\\/\"}}]}<\/script>\n<!-- \/ Yoast SEO plugin. -->","yoast_head_json":{"title":"Autodesk Vehicule Tracking | Cada Consult","description":"Soluciones CAD & BIM, consultor\u00eda y servicios profesionales para la industria de la Arquitectura, ingenier\u00eda y Construcci\u00f3n (AEC).","robots":{"index":"index","follow":"follow","max-snippet":"max-snippet:-1","max-image-preview":"max-image-preview:large","max-video-preview":"max-video-preview:-1"},"canonical":"https:\/\/cadaconsult.com.ar\/new\/productos\/autodesk-vehicule-tracking\/","og_locale":"es_ES","og_type":"article","og_title":"Autodesk Vehicule Tracking | Cada Consult","og_description":"Soluciones CAD & BIM, consultor\u00eda y servicios profesionales para la industria de la Arquitectura, ingenier\u00eda y Construcci\u00f3n (AEC).","og_url":"https:\/\/cadaconsult.com.ar\/new\/productos\/autodesk-vehicule-tracking\/","og_site_name":"Cada Consult","article_modified_time":"2017-06-20T19:19:37+00:00","twitter_card":"summary_large_image","twitter_misc":{"Tiempo de lectura":"3 minutos"},"schema":{"@context":"https:\/\/schema.org","@graph":[{"@type":"WebPage","@id":"https:\/\/cadaconsult.com.ar\/new\/productos\/autodesk-vehicule-tracking\/","url":"https:\/\/cadaconsult.com.ar\/new\/productos\/autodesk-vehicule-tracking\/","name":"Autodesk Vehicule Tracking | Cada Consult","isPartOf":{"@id":"https:\/\/cadaconsult.com.ar\/new\/#website"},"primaryImageOfPage":{"@id":"https:\/\/cadaconsult.com.ar\/new\/productos\/autodesk-vehicule-tracking\/#primaryimage"},"image":{"@id":"https:\/\/cadaconsult.com.ar\/new\/productos\/autodesk-vehicule-tracking\/#primaryimage"},"thumbnailUrl":"https:\/\/cadaconsult.com.ar\/new\/wp-content\/uploads\/2017\/07\/head_vehicle.jpg","datePublished":"2017-06-20T19:11:57+00:00","dateModified":"2017-06-20T19:19:37+00:00","description":"Soluciones CAD & BIM, consultor\u00eda y servicios profesionales para la industria de la Arquitectura, ingenier\u00eda y Construcci\u00f3n (AEC).","breadcrumb":{"@id":"https:\/\/cadaconsult.com.ar\/new\/productos\/autodesk-vehicule-tracking\/#breadcrumb"},"inLanguage":"es","potentialAction":[{"@type":"ReadAction","target":["https:\/\/cadaconsult.com.ar\/new\/productos\/autodesk-vehicule-tracking\/"]}]},{"@type":"ImageObject","inLanguage":"es","@id":"https:\/\/cadaconsult.com.ar\/new\/productos\/autodesk-vehicule-tracking\/#primaryimage","url":"https:\/\/cadaconsult.com.ar\/new\/wp-content\/uploads\/2017\/07\/head_vehicle.jpg","contentUrl":"https:\/\/cadaconsult.com.ar\/new\/wp-content\/uploads\/2017\/07\/head_vehicle.jpg","width":1700,"height":300},{"@type":"BreadcrumbList","@id":"https:\/\/cadaconsult.com.ar\/new\/productos\/autodesk-vehicule-tracking\/#breadcrumb","itemListElement":[{"@type":"ListItem","position":1,"name":"Portada","item":"https:\/\/cadaconsult.com.ar\/new\/"},{"@type":"ListItem","position":2,"name":"Productos","item":"https:\/\/cadaconsult.com.ar\/new\/productos\/"},{"@type":"ListItem","position":3,"name":"Autodesk Vehicule Tracking"}]},{"@type":"WebSite","@id":"https:\/\/cadaconsult.com.ar\/new\/#website","url":"https:\/\/cadaconsult.com.ar\/new\/","name":"Cada Consult","description":"Tecnolog\u00eda Aplicada","publisher":{"@id":"https:\/\/cadaconsult.com.ar\/new\/#organization"},"potentialAction":[{"@type":"SearchAction","target":{"@type":"EntryPoint","urlTemplate":"https:\/\/cadaconsult.com.ar\/new\/?s={search_term_string}"},"query-input":{"@type":"PropertyValueSpecification","valueRequired":true,"valueName":"search_term_string"}}],"inLanguage":"es"},{"@type":"Organization","@id":"https:\/\/cadaconsult.com.ar\/new\/#organization","name":"Cada Consult","url":"https:\/\/cadaconsult.com.ar\/new\/","logo":{"@type":"ImageObject","inLanguage":"es","@id":"https:\/\/cadaconsult.com.ar\/new\/#\/schema\/logo\/image\/","url":"https:\/\/cadaconsult.com.ar\/new\/wp-content\/uploads\/2020\/12\/logo_cadaconsult.png","contentUrl":"https:\/\/cadaconsult.com.ar\/new\/wp-content\/uploads\/2020\/12\/logo_cadaconsult.png","width":230,"height":35,"caption":"Cada Consult"},"image":{"@id":"https:\/\/cadaconsult.com.ar\/new\/#\/schema\/logo\/image\/"}}]}},"_links":{"self":[{"href":"https:\/\/cadaconsult.com.ar\/new\/wp-json\/wp\/v2\/pages\/179","targetHints":{"allow":["GET"]}}],"collection":[{"href":"https:\/\/cadaconsult.com.ar\/new\/wp-json\/wp\/v2\/pages"}],"about":[{"href":"https:\/\/cadaconsult.com.ar\/new\/wp-json\/wp\/v2\/types\/page"}],"author":[{"embeddable":true,"href":"https:\/\/cadaconsult.com.ar\/new\/wp-json\/wp\/v2\/users\/2"}],"replies":[{"embeddable":true,"href":"https:\/\/cadaconsult.com.ar\/new\/wp-json\/wp\/v2\/comments?post=179"}],"version-history":[{"count":1,"href":"https:\/\/cadaconsult.com.ar\/new\/wp-json\/wp\/v2\/pages\/179\/revisions"}],"predecessor-version":[{"id":180,"href":"https:\/\/cadaconsult.com.ar\/new\/wp-json\/wp\/v2\/pages\/179\/revisions\/180"}],"up":[{"embeddable":true,"href":"https:\/\/cadaconsult.com.ar\/new\/wp-json\/wp\/v2\/pages\/12"}],"wp:attachment":[{"href":"https:\/\/cadaconsult.com.ar\/new\/wp-json\/wp\/v2\/media?parent=179"}],"curies":[{"name":"wp","href":"https:\/\/api.w.org\/{rel}","templated":true}]}}