{"id":177,"date":"2017-06-20T19:11:39","date_gmt":"2017-06-20T19:11:39","guid":{"rendered":"https:\/\/cadaconsult.com.ar\/new\/?page_id=177"},"modified":"2017-06-20T19:18:36","modified_gmt":"2017-06-20T19:18:36","slug":"autocad-civil-3d","status":"publish","type":"page","link":"https:\/\/cadaconsult.com.ar\/new\/productos\/autocad-civil-3d\/","title":{"rendered":"AutoCAD Civil 3D"},"content":{"rendered":"<div id=\"dslc-theme-content\"><div id=\"dslc-theme-content-inner\"><div id=\"dslc-main\">\n<div  class=\"dslc-modules-section  dslc-full \" style=\"padding-bottom:0px;padding-top:0px;\" data-section-id=\"35b61640eb3\">\n<div class=\"dslc-modules-section-wrapper dslc-clearfix\">\n<style type=\"text\/css\" id=\"dslca-modules-area-\"><\/style>\n<div  class=\"dslc-modules-area dslc-col dslc-12-col dslc-last-col dslc-valign- \" data-size=\"12\" data-valign=\"\" data-modules-area-id=\"\" >\n<div id=\"dslc-module-6c414c607ad\" class=\"dslc-module-front dslc-module-DSLC_Image dslc-in-viewport-check dslc-in-viewport-anim-none  dslc-col dslc-12-col dslc-last-col  dslc-module-handle-like-regular \" data-module-id=\"6c414c607ad\" data-module=\"DSLC_Image\" data-dslc-module-size=\"12\" data-dslc-anim=\"none\" data-dslc-anim-delay=\"0\" data-dslc-anim-duration=\"650\"  data-dslc-anim-easing=\"ease\" data-dslc-preset=\"none\" >\n<div class=\"dslc-image-container\">\n<div class=\"dslc-image\">\n<p>\t\t\t\t\t\t\t\t\t<img decoding=\"async\" src=\"https:\/\/cadaconsult.com.ar\/new\/wp-content\/uploads\/2017\/07\/head_civil3D_2018.jpg\" alt=\"\" title=\"head_civil3D_2018\" srcset=\"https:\/\/cadaconsult.com.ar\/new\/wp-content\/uploads\/2017\/07\/head_civil3D_2018.jpg 1700w, https:\/\/cadaconsult.com.ar\/new\/wp-content\/uploads\/2017\/07\/head_civil3D_2018-300x53.jpg 300w, https:\/\/cadaconsult.com.ar\/new\/wp-content\/uploads\/2017\/07\/head_civil3D_2018-768x136.jpg 768w, https:\/\/cadaconsult.com.ar\/new\/wp-content\/uploads\/2017\/07\/head_civil3D_2018-1024x181.jpg 1024w\" sizes=\"(max-width: 1700px) 100vw, 1700px\" \/><\/p><\/div>\n<p><!-- .dslc-image -->\n\t\t<\/div>\n<\/p><\/div>\n<p><!-- .dslc-module -->\n\t\t<\/div>\n<\/div>\n<\/div>\n<div  class=\"dslc-modules-section \" style=\"padding-bottom:25px;padding-top:25px;\" data-section-id=\"35b61640eb3\">\n<div class=\"dslc-modules-section-wrapper dslc-clearfix\">\n<style type=\"text\/css\" id=\"dslca-modules-area-\"><\/style>\n<div  class=\"dslc-modules-area dslc-col dslc-8-col dslc-first-col dslc-valign- \" data-size=\"8\" data-valign=\"\" data-modules-area-id=\"\" >\n<div id=\"dslc-module-353c011c09a\" class=\"dslc-module-front dslc-module-DSLC_TP_Title dslc-in-viewport-check dslc-in-viewport-anim-none  dslc-col dslc-12-col dslc-last-col  dslc-module-handle-like-regular \" data-module-id=\"353c011c09a\" data-module=\"DSLC_TP_Title\" data-dslc-module-size=\"12\" data-dslc-anim=\"none\" data-dslc-anim-delay=\"0\" data-dslc-anim-duration=\"650\"  data-dslc-anim-easing=\"ease\" data-dslc-preset=\"none\" >\n<div class=\"dslc-tp-title\">\n<div class=\"dslc-tp-title\">\n<h1>AutoCAD Civil 3D<\/h1>\n<\/div><\/div>\n<\/p><\/div>\n<p><!-- .dslc-module --><\/p>\n<div id=\"dslc-module-a120ac7fd87\" class=\"dslc-module-front dslc-module-DSLC_Text_Simple dslc-in-viewport-check dslc-in-viewport-anim-none  dslc-col dslc-12-col dslc-last-col  dslc-module-handle-like-regular \" data-module-id=\"a120ac7fd87\" data-module=\"DSLC_Text_Simple\" data-dslc-module-size=\"12\" data-dslc-anim=\"none\" data-dslc-anim-delay=\"0\" data-dslc-anim-duration=\"650\"  data-dslc-anim-easing=\"ease\" data-dslc-preset=\"none\" >\n<div class=\"dslc-text-module-content\">\n<h2 class=\"heading section\">Dise\u00f1e mejores obras p\u00fablicas<\/h2>\n<div class=\"text section\">\n<h3 class=\"wd-color-gray-80 wd-font-16 wd-mt-4\">El software AutoCAD\u00ae Civil 3D\u00ae es compatible con el BIM (Modelado de Informaci\u00f3n para la Construcci\u00f3n) para lograr mejores dise\u00f1os y documentaci\u00f3n de ingenier\u00eda civil.<\/h3>\n<\/div><\/div>\n<\/p><\/div>\n<p><!-- .dslc-module -->\n\t\t<\/div>\n<style type=\"text\/css\" id=\"dslca-modules-area-\"><\/style>\n<div  class=\"dslc-modules-area dslc-col dslc-4-col dslc-last-col dslc-valign- \" data-size=\"4\" data-valign=\"\" data-modules-area-id=\"\" >\n<div id=\"dslc-module-164d20b7f36\" class=\"dslc-module-front dslc-module-DSLC_Button dslc-in-viewport-check dslc-in-viewport-anim-none  dslc-col dslc-12-col dslc-last-col  dslc-module-handle-like-regular \" data-module-id=\"164d20b7f36\" data-module=\"DSLC_Button\" data-dslc-module-size=\"12\" data-dslc-anim=\"none\" data-dslc-anim-delay=\"\" data-dslc-anim-duration=\"650\"  data-dslc-anim-easing=\"ease\" data-dslc-preset=\"none\" >\n<div class=\"dslc-button\">\n\t\t\t\t\t\t\t\t\t<a href=\"https:\/\/latinoamerica.autodesk.com\/products\/civil-3d\/overview\" target=\"_self\"  onClick=\"\" class=\"\"><br \/>\n\t\t\t\t\t\t\t\t\t\t\t\t\t\t\t\t\t\t\t<span>M\u00c1S INFORMACI\u00d3N<\/span><br \/>\n\t\t\t\t\t\t\t\t\t\t\t\t\t\t\t\t\t<\/a>\n\t\t\t\t\t\t\t<\/div>\n<p><!-- .dslc-button --><\/p><\/div>\n<p><!-- .dslc-module -->\n\t\t<\/div>\n<\/div>\n<\/div>\n<div  class=\"dslc-modules-section \" style=\"padding-bottom:30px;padding-top:30px;background-color:#e0e0e0;\" data-section-id=\"35b61640eb3\">\n<div class=\"dslc-modules-section-wrapper dslc-clearfix\">\n<style type=\"text\/css\" id=\"dslca-modules-area-\"><\/style>\n<div  class=\"dslc-modules-area dslc-col dslc-12-col dslc-last-col dslc-valign- \" data-size=\"12\" data-valign=\"\" data-modules-area-id=\"\" >\n<div id=\"dslc-module-0l6abd5uln\" class=\"dslc-module-front dslc-module-DSLC_Text_Simple dslc-in-viewport-check dslc-in-viewport-anim-none  dslc-col dslc-12-col dslc-last-col  dslc-module-handle-like-regular \" data-module-id=\"0l6abd5uln\" data-module=\"DSLC_Text_Simple\" data-dslc-module-size=\"12\" data-dslc-anim=\"none\" data-dslc-anim-delay=\"0\" data-dslc-anim-duration=\"650\"  data-dslc-anim-easing=\"ease\" data-dslc-preset=\"none\" >\n<div class=\"dslc-text-module-content\">\n<h1 class=\"wd-font-16 wd-mt-12 wd-color-gray-25\">Caracter\u00edsticas de AutoCAD Civil 3D<\/h1>\n<\/p><\/div>\n<\/p><\/div>\n<p><!-- .dslc-module -->\n\t\t<\/div>\n<style type=\"text\/css\" id=\"dslca-modules-area-\"><\/style>\n<div  class=\"dslc-modules-area dslc-col dslc-3-col dslc-first-col dslc-valign- \" data-size=\"3\" data-valign=\"\" data-modules-area-id=\"\" >\n<div id=\"dslc-module-043f3fda851\" class=\"dslc-module-front dslc-module-DSLC_Image dslc-in-viewport-check dslc-in-viewport-anim-none  dslc-col dslc-12-col dslc-last-col  dslc-module-handle-like-regular \" data-module-id=\"043f3fda851\" data-module=\"DSLC_Image\" data-dslc-module-size=\"12\" data-dslc-anim=\"none\" data-dslc-anim-delay=\"0\" data-dslc-anim-duration=\"650\"  data-dslc-anim-easing=\"ease\" data-dslc-preset=\"none\" >\n<div class=\"dslc-image-container\">\n<div class=\"dslc-image\">\n<p>\t\t\t\t\t\t\t\t\t<img decoding=\"async\" src=\"https:\/\/cadaconsult.com.ar\/new\/wp-content\/uploads\/2017\/06\/civil-design-thumb-600x300.jpg\" alt=\"\" title=\"civil-design-thumb-600\u00d7300\" srcset=\"https:\/\/cadaconsult.com.ar\/new\/wp-content\/uploads\/2017\/06\/civil-design-thumb-600x300.jpg 600w, https:\/\/cadaconsult.com.ar\/new\/wp-content\/uploads\/2017\/06\/civil-design-thumb-600x300-300x150.jpg 300w\" sizes=\"(max-width: 600px) 100vw, 600px\" \/><\/p><\/div>\n<p><!-- .dslc-image -->\n\t\t<\/div>\n<\/p><\/div>\n<p><!-- .dslc-module --><\/p>\n<div id=\"dslc-module-ced0449b81e\" class=\"dslc-module-front dslc-module-DSLC_Text_Simple dslc-in-viewport-check dslc-in-viewport-anim-none  dslc-col dslc-12-col dslc-last-col  dslc-module-handle-like-regular \" data-module-id=\"ced0449b81e\" data-module=\"DSLC_Text_Simple\" data-dslc-module-size=\"12\" data-dslc-anim=\"none\" data-dslc-anim-delay=\"0\" data-dslc-anim-duration=\"650\"  data-dslc-anim-easing=\"ease\" data-dslc-preset=\"none\" >\n<div class=\"dslc-text-module-content\">\n<h4 class=\"wd-font-16 wd-mt-12 wd-color-gray-25\">Dise\u00f1o civil<\/h4>\n<p class=\"wd-mt-0\">Realice iteraciones de dise\u00f1o con mayor rapidez y simplifique tareas que demandan demasiado tiempo.<\/p>\n<\/p><\/div>\n<\/p><\/div>\n<p><!-- .dslc-module -->\n\t\t<\/div>\n<style type=\"text\/css\" id=\"dslca-modules-area-\"><\/style>\n<div  class=\"dslc-modules-area dslc-col dslc-3-col  dslc-valign- \" data-size=\"3\" data-valign=\"\" data-modules-area-id=\"\" >\n<div id=\"dslc-module-b8dui34h7ho\" class=\"dslc-module-front dslc-module-DSLC_Image dslc-in-viewport-check dslc-in-viewport-anim-none  dslc-col dslc-12-col dslc-last-col  dslc-module-handle-like-regular \" data-module-id=\"b8dui34h7ho\" data-module=\"DSLC_Image\" data-dslc-module-size=\"12\" data-dslc-anim=\"none\" data-dslc-anim-delay=\"0\" data-dslc-anim-duration=\"650\"  data-dslc-anim-easing=\"ease\" data-dslc-preset=\"none\" >\n<div class=\"dslc-image-container\">\n<div class=\"dslc-image\">\n<p>\t\t\t\t\t\t\t\t\t<img decoding=\"async\" src=\"https:\/\/cadaconsult.com.ar\/new\/wp-content\/uploads\/2017\/06\/drafting-and-documentation-thumb-600x300.jpg\" alt=\"\" title=\"drafting-and-documentation-thumb-600\u00d7300\" srcset=\"https:\/\/cadaconsult.com.ar\/new\/wp-content\/uploads\/2017\/06\/drafting-and-documentation-thumb-600x300.jpg 600w, https:\/\/cadaconsult.com.ar\/new\/wp-content\/uploads\/2017\/06\/drafting-and-documentation-thumb-600x300-300x150.jpg 300w\" sizes=\"(max-width: 600px) 100vw, 600px\" \/><\/p><\/div>\n<p><!-- .dslc-image -->\n\t\t<\/div>\n<\/p><\/div>\n<p><!-- .dslc-module --><\/p>\n<div id=\"dslc-module-hj54l4dl01\" class=\"dslc-module-front dslc-module-DSLC_Text_Simple dslc-in-viewport-check dslc-in-viewport-anim-none  dslc-col dslc-12-col dslc-last-col  dslc-module-handle-like-regular \" data-module-id=\"hj54l4dl01\" data-module=\"DSLC_Text_Simple\" data-dslc-module-size=\"12\" data-dslc-anim=\"none\" data-dslc-anim-delay=\"0\" data-dslc-anim-duration=\"650\"  data-dslc-anim-easing=\"ease\" data-dslc-preset=\"none\" >\n<div class=\"dslc-text-module-content\">\n<h4 class=\"wd-font-16 wd-mt-12 wd-color-gray-25\">Dibujo y documentaci\u00f3n<\/h4>\n<p class=\"wd-mt-0\">Conecte el dise\u00f1o con la documentaci\u00f3n para aumentar la productividad y ofrecer mayor calidad.<\/p>\n<\/p><\/div>\n<\/p><\/div>\n<p><!-- .dslc-module -->\n\t\t<\/div>\n<style type=\"text\/css\" id=\"dslca-modules-area-\"><\/style>\n<div  class=\"dslc-modules-area dslc-col dslc-3-col  dslc-valign- \" data-size=\"3\" data-valign=\"\" data-modules-area-id=\"\" >\n<div id=\"dslc-module-6tf7m1h4aho\" class=\"dslc-module-front dslc-module-DSLC_Image dslc-in-viewport-check dslc-in-viewport-anim-none  dslc-col dslc-12-col dslc-last-col  dslc-module-handle-like-regular \" data-module-id=\"6tf7m1h4aho\" data-module=\"DSLC_Image\" data-dslc-module-size=\"12\" data-dslc-anim=\"none\" data-dslc-anim-delay=\"0\" data-dslc-anim-duration=\"650\"  data-dslc-anim-easing=\"ease\" data-dslc-preset=\"none\" >\n<div class=\"dslc-image-container\">\n<div class=\"dslc-image\">\n<p>\t\t\t\t\t\t\t\t\t<img decoding=\"async\" src=\"https:\/\/cadaconsult.com.ar\/new\/wp-content\/uploads\/2017\/06\/visual-analysis-large-1152x687.jpg\" alt=\"\" title=\"visual-analysis-large-1152\u00d7687\" srcset=\"https:\/\/cadaconsult.com.ar\/new\/wp-content\/uploads\/2017\/06\/visual-analysis-large-1152x687.jpg 600w, https:\/\/cadaconsult.com.ar\/new\/wp-content\/uploads\/2017\/06\/visual-analysis-large-1152x687-300x150.jpg 300w\" sizes=\"(max-width: 600px) 100vw, 600px\" \/><\/p><\/div>\n<p><!-- .dslc-image -->\n\t\t<\/div>\n<\/p><\/div>\n<p><!-- .dslc-module --><\/p>\n<div id=\"dslc-module-8g0h2nmncbg\" class=\"dslc-module-front dslc-module-DSLC_Text_Simple dslc-in-viewport-check dslc-in-viewport-anim-none  dslc-col dslc-12-col dslc-last-col  dslc-module-handle-like-regular \" data-module-id=\"8g0h2nmncbg\" data-module=\"DSLC_Text_Simple\" data-dslc-module-size=\"12\" data-dslc-anim=\"none\" data-dslc-anim-delay=\"0\" data-dslc-anim-duration=\"650\"  data-dslc-anim-easing=\"ease\" data-dslc-preset=\"none\" >\n<div class=\"dslc-text-module-content\">\n<h4 class=\"wd-font-16 wd-mt-12 wd-color-gray-25\">Visualizaci\u00f3n y an\u00e1lisis<\/h4>\n<p class=\"wd-mt-0\">Mejore la entrega de proyectos y la toma de decisiones mediante el uso de herramientas de visualizaci\u00f3n, simulaci\u00f3n y an\u00e1lisis h\u00eddrico.<\/p>\n<\/p><\/div>\n<\/p><\/div>\n<p><!-- .dslc-module -->\n\t\t<\/div>\n<style type=\"text\/css\" id=\"dslca-modules-area-\"><\/style>\n<div  class=\"dslc-modules-area dslc-col dslc-3-col dslc-last-col dslc-valign- \" data-size=\"3\" data-valign=\"\" data-modules-area-id=\"\" >\n<div id=\"dslc-module-ifd3btc1n2\" class=\"dslc-module-front dslc-module-DSLC_Image dslc-in-viewport-check dslc-in-viewport-anim-none  dslc-col dslc-12-col dslc-last-col  dslc-module-handle-like-regular \" data-module-id=\"ifd3btc1n2\" data-module=\"DSLC_Image\" data-dslc-module-size=\"12\" data-dslc-anim=\"none\" data-dslc-anim-delay=\"0\" data-dslc-anim-duration=\"650\"  data-dslc-anim-easing=\"ease\" data-dslc-preset=\"none\" >\n<div class=\"dslc-image-container\">\n<div class=\"dslc-image\">\n<p>\t\t\t\t\t\t\t\t\t<img decoding=\"async\" src=\"https:\/\/cadaconsult.com.ar\/new\/wp-content\/uploads\/2017\/06\/collaboration-thumb-600x300.jpg\" alt=\"\" title=\"collaboration-thumb-600\u00d7300\" srcset=\"https:\/\/cadaconsult.com.ar\/new\/wp-content\/uploads\/2017\/06\/collaboration-thumb-600x300.jpg 600w, https:\/\/cadaconsult.com.ar\/new\/wp-content\/uploads\/2017\/06\/collaboration-thumb-600x300-300x150.jpg 300w\" sizes=\"(max-width: 600px) 100vw, 600px\" \/><\/p><\/div>\n<p><!-- .dslc-image -->\n\t\t<\/div>\n<\/p><\/div>\n<p><!-- .dslc-module --><\/p>\n<div id=\"dslc-module-4njruehegc\" class=\"dslc-module-front dslc-module-DSLC_Text_Simple dslc-in-viewport-check dslc-in-viewport-anim-none  dslc-col dslc-12-col dslc-last-col  dslc-module-handle-like-regular \" data-module-id=\"4njruehegc\" data-module=\"DSLC_Text_Simple\" data-dslc-module-size=\"12\" data-dslc-anim=\"none\" data-dslc-anim-delay=\"0\" data-dslc-anim-duration=\"650\"  data-dslc-anim-easing=\"ease\" data-dslc-preset=\"none\" >\n<div class=\"dslc-text-module-content\">\n<h4 class=\"wd-font-16 wd-mt-12 wd-color-gray-25\">Colaboraci\u00f3n<\/h4>\n<p class=\"wd-mt-0\">Las funciones de colaboraci\u00f3n lo ayudan a superar los desaf\u00edos de coordinaci\u00f3n y del flujo de trabajo en proyectos de insfraestructuras civiles.<\/p>\n<\/p><\/div>\n<\/p><\/div>\n<p><!-- .dslc-module -->\n\t\t<\/div>\n<\/div>\n<\/div>\n<\/div>\n<\/div><\/div>","protected":false},"excerpt":{"rendered":"<p>AutoCAD Civil 3D Dise\u00f1e mejores obras p\u00fablicas El software AutoCAD\u00ae Civil 3D\u00ae es compatible con el BIM (Modelado de Informaci\u00f3n para la Construcci\u00f3n) para lograr mejores dise\u00f1os y documentaci\u00f3n de ingenier\u00eda civil. M\u00c1S INFORMACI\u00d3N Caracter\u00edsticas de AutoCAD Civil 3D Dise\u00f1o civil Realice iteraciones de dise\u00f1o con mayor rapidez y simplifique tareas que demandan demasiado tiempo. [&hellip;]<\/p>\n","protected":false},"author":2,"featured_media":0,"parent":12,"menu_order":0,"comment_status":"closed","ping_status":"closed","template":"","meta":{"footnotes":""},"class_list":["post-177","page","type-page","status-publish","hentry"],"yoast_head":"<!-- This site is optimized with the Yoast SEO plugin v27.4 - https:\/\/yoast.com\/product\/yoast-seo-wordpress\/ -->\n<title>AutoCAD Civil 3D | Cada Consult<\/title>\n<meta name=\"description\" content=\"Soluciones CAD &amp; BIM, consultor\u00eda y servicios profesionales para la industria de la Arquitectura, ingenier\u00eda y Construcci\u00f3n (AEC).\" \/>\n<meta name=\"robots\" content=\"index, follow, max-snippet:-1, max-image-preview:large, max-video-preview:-1\" \/>\n<link rel=\"canonical\" href=\"https:\/\/cadaconsult.com.ar\/new\/productos\/autocad-civil-3d\/\" \/>\n<meta property=\"og:locale\" content=\"es_ES\" \/>\n<meta property=\"og:type\" content=\"article\" \/>\n<meta property=\"og:title\" content=\"AutoCAD Civil 3D | Cada Consult\" \/>\n<meta property=\"og:description\" content=\"Soluciones CAD &amp; BIM, consultor\u00eda y servicios profesionales para la industria de la Arquitectura, ingenier\u00eda y Construcci\u00f3n (AEC).\" \/>\n<meta property=\"og:url\" content=\"https:\/\/cadaconsult.com.ar\/new\/productos\/autocad-civil-3d\/\" \/>\n<meta property=\"og:site_name\" content=\"Cada Consult\" \/>\n<meta property=\"article:modified_time\" content=\"2017-06-20T19:18:36+00:00\" \/>\n<meta name=\"twitter:card\" content=\"summary_large_image\" \/>\n<meta name=\"twitter:label1\" content=\"Tiempo de lectura\" \/>\n\t<meta name=\"twitter:data1\" content=\"1 minuto\" \/>\n<script type=\"application\/ld+json\" class=\"yoast-schema-graph\">{\"@context\":\"https:\\\/\\\/schema.org\",\"@graph\":[{\"@type\":\"WebPage\",\"@id\":\"https:\\\/\\\/cadaconsult.com.ar\\\/new\\\/productos\\\/autocad-civil-3d\\\/\",\"url\":\"https:\\\/\\\/cadaconsult.com.ar\\\/new\\\/productos\\\/autocad-civil-3d\\\/\",\"name\":\"AutoCAD Civil 3D | Cada Consult\",\"isPartOf\":{\"@id\":\"https:\\\/\\\/cadaconsult.com.ar\\\/new\\\/#website\"},\"primaryImageOfPage\":{\"@id\":\"https:\\\/\\\/cadaconsult.com.ar\\\/new\\\/productos\\\/autocad-civil-3d\\\/#primaryimage\"},\"image\":{\"@id\":\"https:\\\/\\\/cadaconsult.com.ar\\\/new\\\/productos\\\/autocad-civil-3d\\\/#primaryimage\"},\"thumbnailUrl\":\"https:\\\/\\\/cadaconsult.com.ar\\\/new\\\/wp-content\\\/uploads\\\/2017\\\/07\\\/head_civil3D_2018.jpg\",\"datePublished\":\"2017-06-20T19:11:39+00:00\",\"dateModified\":\"2017-06-20T19:18:36+00:00\",\"description\":\"Soluciones CAD & BIM, consultor\u00eda y servicios profesionales para la industria de la Arquitectura, ingenier\u00eda y Construcci\u00f3n (AEC).\",\"breadcrumb\":{\"@id\":\"https:\\\/\\\/cadaconsult.com.ar\\\/new\\\/productos\\\/autocad-civil-3d\\\/#breadcrumb\"},\"inLanguage\":\"es\",\"potentialAction\":[{\"@type\":\"ReadAction\",\"target\":[\"https:\\\/\\\/cadaconsult.com.ar\\\/new\\\/productos\\\/autocad-civil-3d\\\/\"]}]},{\"@type\":\"ImageObject\",\"inLanguage\":\"es\",\"@id\":\"https:\\\/\\\/cadaconsult.com.ar\\\/new\\\/productos\\\/autocad-civil-3d\\\/#primaryimage\",\"url\":\"https:\\\/\\\/cadaconsult.com.ar\\\/new\\\/wp-content\\\/uploads\\\/2017\\\/07\\\/head_civil3D_2018.jpg\",\"contentUrl\":\"https:\\\/\\\/cadaconsult.com.ar\\\/new\\\/wp-content\\\/uploads\\\/2017\\\/07\\\/head_civil3D_2018.jpg\",\"width\":1700,\"height\":300},{\"@type\":\"BreadcrumbList\",\"@id\":\"https:\\\/\\\/cadaconsult.com.ar\\\/new\\\/productos\\\/autocad-civil-3d\\\/#breadcrumb\",\"itemListElement\":[{\"@type\":\"ListItem\",\"position\":1,\"name\":\"Portada\",\"item\":\"https:\\\/\\\/cadaconsult.com.ar\\\/new\\\/\"},{\"@type\":\"ListItem\",\"position\":2,\"name\":\"Productos\",\"item\":\"https:\\\/\\\/cadaconsult.com.ar\\\/new\\\/productos\\\/\"},{\"@type\":\"ListItem\",\"position\":3,\"name\":\"AutoCAD Civil 3D\"}]},{\"@type\":\"WebSite\",\"@id\":\"https:\\\/\\\/cadaconsult.com.ar\\\/new\\\/#website\",\"url\":\"https:\\\/\\\/cadaconsult.com.ar\\\/new\\\/\",\"name\":\"Cada Consult\",\"description\":\"Tecnolog\u00eda Aplicada\",\"publisher\":{\"@id\":\"https:\\\/\\\/cadaconsult.com.ar\\\/new\\\/#organization\"},\"potentialAction\":[{\"@type\":\"SearchAction\",\"target\":{\"@type\":\"EntryPoint\",\"urlTemplate\":\"https:\\\/\\\/cadaconsult.com.ar\\\/new\\\/?s={search_term_string}\"},\"query-input\":{\"@type\":\"PropertyValueSpecification\",\"valueRequired\":true,\"valueName\":\"search_term_string\"}}],\"inLanguage\":\"es\"},{\"@type\":\"Organization\",\"@id\":\"https:\\\/\\\/cadaconsult.com.ar\\\/new\\\/#organization\",\"name\":\"Cada Consult\",\"url\":\"https:\\\/\\\/cadaconsult.com.ar\\\/new\\\/\",\"logo\":{\"@type\":\"ImageObject\",\"inLanguage\":\"es\",\"@id\":\"https:\\\/\\\/cadaconsult.com.ar\\\/new\\\/#\\\/schema\\\/logo\\\/image\\\/\",\"url\":\"https:\\\/\\\/cadaconsult.com.ar\\\/new\\\/wp-content\\\/uploads\\\/2020\\\/12\\\/logo_cadaconsult.png\",\"contentUrl\":\"https:\\\/\\\/cadaconsult.com.ar\\\/new\\\/wp-content\\\/uploads\\\/2020\\\/12\\\/logo_cadaconsult.png\",\"width\":230,\"height\":35,\"caption\":\"Cada Consult\"},\"image\":{\"@id\":\"https:\\\/\\\/cadaconsult.com.ar\\\/new\\\/#\\\/schema\\\/logo\\\/image\\\/\"}}]}<\/script>\n<!-- \/ Yoast SEO plugin. -->","yoast_head_json":{"title":"AutoCAD Civil 3D | Cada Consult","description":"Soluciones CAD & BIM, consultor\u00eda y servicios profesionales para la industria de la Arquitectura, ingenier\u00eda y Construcci\u00f3n (AEC).","robots":{"index":"index","follow":"follow","max-snippet":"max-snippet:-1","max-image-preview":"max-image-preview:large","max-video-preview":"max-video-preview:-1"},"canonical":"https:\/\/cadaconsult.com.ar\/new\/productos\/autocad-civil-3d\/","og_locale":"es_ES","og_type":"article","og_title":"AutoCAD Civil 3D | Cada Consult","og_description":"Soluciones CAD & BIM, consultor\u00eda y servicios profesionales para la industria de la Arquitectura, ingenier\u00eda y Construcci\u00f3n (AEC).","og_url":"https:\/\/cadaconsult.com.ar\/new\/productos\/autocad-civil-3d\/","og_site_name":"Cada Consult","article_modified_time":"2017-06-20T19:18:36+00:00","twitter_card":"summary_large_image","twitter_misc":{"Tiempo de lectura":"1 minuto"},"schema":{"@context":"https:\/\/schema.org","@graph":[{"@type":"WebPage","@id":"https:\/\/cadaconsult.com.ar\/new\/productos\/autocad-civil-3d\/","url":"https:\/\/cadaconsult.com.ar\/new\/productos\/autocad-civil-3d\/","name":"AutoCAD Civil 3D | Cada Consult","isPartOf":{"@id":"https:\/\/cadaconsult.com.ar\/new\/#website"},"primaryImageOfPage":{"@id":"https:\/\/cadaconsult.com.ar\/new\/productos\/autocad-civil-3d\/#primaryimage"},"image":{"@id":"https:\/\/cadaconsult.com.ar\/new\/productos\/autocad-civil-3d\/#primaryimage"},"thumbnailUrl":"https:\/\/cadaconsult.com.ar\/new\/wp-content\/uploads\/2017\/07\/head_civil3D_2018.jpg","datePublished":"2017-06-20T19:11:39+00:00","dateModified":"2017-06-20T19:18:36+00:00","description":"Soluciones CAD & BIM, consultor\u00eda y servicios profesionales para la industria de la Arquitectura, ingenier\u00eda y Construcci\u00f3n (AEC).","breadcrumb":{"@id":"https:\/\/cadaconsult.com.ar\/new\/productos\/autocad-civil-3d\/#breadcrumb"},"inLanguage":"es","potentialAction":[{"@type":"ReadAction","target":["https:\/\/cadaconsult.com.ar\/new\/productos\/autocad-civil-3d\/"]}]},{"@type":"ImageObject","inLanguage":"es","@id":"https:\/\/cadaconsult.com.ar\/new\/productos\/autocad-civil-3d\/#primaryimage","url":"https:\/\/cadaconsult.com.ar\/new\/wp-content\/uploads\/2017\/07\/head_civil3D_2018.jpg","contentUrl":"https:\/\/cadaconsult.com.ar\/new\/wp-content\/uploads\/2017\/07\/head_civil3D_2018.jpg","width":1700,"height":300},{"@type":"BreadcrumbList","@id":"https:\/\/cadaconsult.com.ar\/new\/productos\/autocad-civil-3d\/#breadcrumb","itemListElement":[{"@type":"ListItem","position":1,"name":"Portada","item":"https:\/\/cadaconsult.com.ar\/new\/"},{"@type":"ListItem","position":2,"name":"Productos","item":"https:\/\/cadaconsult.com.ar\/new\/productos\/"},{"@type":"ListItem","position":3,"name":"AutoCAD Civil 3D"}]},{"@type":"WebSite","@id":"https:\/\/cadaconsult.com.ar\/new\/#website","url":"https:\/\/cadaconsult.com.ar\/new\/","name":"Cada Consult","description":"Tecnolog\u00eda Aplicada","publisher":{"@id":"https:\/\/cadaconsult.com.ar\/new\/#organization"},"potentialAction":[{"@type":"SearchAction","target":{"@type":"EntryPoint","urlTemplate":"https:\/\/cadaconsult.com.ar\/new\/?s={search_term_string}"},"query-input":{"@type":"PropertyValueSpecification","valueRequired":true,"valueName":"search_term_string"}}],"inLanguage":"es"},{"@type":"Organization","@id":"https:\/\/cadaconsult.com.ar\/new\/#organization","name":"Cada Consult","url":"https:\/\/cadaconsult.com.ar\/new\/","logo":{"@type":"ImageObject","inLanguage":"es","@id":"https:\/\/cadaconsult.com.ar\/new\/#\/schema\/logo\/image\/","url":"https:\/\/cadaconsult.com.ar\/new\/wp-content\/uploads\/2020\/12\/logo_cadaconsult.png","contentUrl":"https:\/\/cadaconsult.com.ar\/new\/wp-content\/uploads\/2020\/12\/logo_cadaconsult.png","width":230,"height":35,"caption":"Cada Consult"},"image":{"@id":"https:\/\/cadaconsult.com.ar\/new\/#\/schema\/logo\/image\/"}}]}},"_links":{"self":[{"href":"https:\/\/cadaconsult.com.ar\/new\/wp-json\/wp\/v2\/pages\/177","targetHints":{"allow":["GET"]}}],"collection":[{"href":"https:\/\/cadaconsult.com.ar\/new\/wp-json\/wp\/v2\/pages"}],"about":[{"href":"https:\/\/cadaconsult.com.ar\/new\/wp-json\/wp\/v2\/types\/page"}],"author":[{"embeddable":true,"href":"https:\/\/cadaconsult.com.ar\/new\/wp-json\/wp\/v2\/users\/2"}],"replies":[{"embeddable":true,"href":"https:\/\/cadaconsult.com.ar\/new\/wp-json\/wp\/v2\/comments?post=177"}],"version-history":[{"count":1,"href":"https:\/\/cadaconsult.com.ar\/new\/wp-json\/wp\/v2\/pages\/177\/revisions"}],"predecessor-version":[{"id":178,"href":"https:\/\/cadaconsult.com.ar\/new\/wp-json\/wp\/v2\/pages\/177\/revisions\/178"}],"up":[{"embeddable":true,"href":"https:\/\/cadaconsult.com.ar\/new\/wp-json\/wp\/v2\/pages\/12"}],"wp:attachment":[{"href":"https:\/\/cadaconsult.com.ar\/new\/wp-json\/wp\/v2\/media?parent=177"}],"curies":[{"name":"wp","href":"https:\/\/api.w.org\/{rel}","templated":true}]}}