{"id":171,"date":"2017-06-20T19:09:13","date_gmt":"2017-06-20T19:09:13","guid":{"rendered":"https:\/\/cadaconsult.com.ar\/new\/?page_id=171"},"modified":"2017-06-20T20:46:09","modified_gmt":"2017-06-20T20:46:09","slug":"autocad-lt","status":"publish","type":"page","link":"https:\/\/cadaconsult.com.ar\/new\/productos\/autocad-lt\/","title":{"rendered":"AutoCAD LT"},"content":{"rendered":"<div id=\"dslc-theme-content\"><div id=\"dslc-theme-content-inner\"><div id=\"dslc-main\">\n<div  class=\"dslc-modules-section  dslc-full \" style=\"padding-bottom:0px;padding-top:0px;\" data-section-id=\"f792d69f948\">\n<div class=\"dslc-modules-section-wrapper dslc-clearfix\">\n<style type=\"text\/css\" id=\"dslca-modules-area-\"><\/style>\n<div  class=\"dslc-modules-area dslc-col dslc-12-col dslc-last-col dslc-valign- \" data-size=\"12\" data-valign=\"\" data-modules-area-id=\"\" >\n<div id=\"dslc-module-8fe54ae7aad\" class=\"dslc-module-front dslc-module-DSLC_Image dslc-in-viewport-check dslc-in-viewport-anim-none  dslc-col dslc-12-col dslc-last-col  dslc-module-handle-like-regular \" data-module-id=\"8fe54ae7aad\" data-module=\"DSLC_Image\" data-dslc-module-size=\"12\" data-dslc-anim=\"none\" data-dslc-anim-delay=\"0\" data-dslc-anim-duration=\"650\"  data-dslc-anim-easing=\"ease\" data-dslc-preset=\"none\" >\n<div class=\"dslc-image-container\">\n<div class=\"dslc-image\">\n<p>\t\t\t\t\t\t\t\t\t<img decoding=\"async\" src=\"https:\/\/cadaconsult.com.ar\/new\/wp-content\/uploads\/2017\/07\/head_autocadLT_2018.jpg\" alt=\"\" title=\"head_autocadLT_2018\" srcset=\"https:\/\/cadaconsult.com.ar\/new\/wp-content\/uploads\/2017\/07\/head_autocadLT_2018.jpg 1700w, https:\/\/cadaconsult.com.ar\/new\/wp-content\/uploads\/2017\/07\/head_autocadLT_2018-300x53.jpg 300w, https:\/\/cadaconsult.com.ar\/new\/wp-content\/uploads\/2017\/07\/head_autocadLT_2018-768x136.jpg 768w, https:\/\/cadaconsult.com.ar\/new\/wp-content\/uploads\/2017\/07\/head_autocadLT_2018-1024x181.jpg 1024w\" sizes=\"(max-width: 1700px) 100vw, 1700px\" \/><\/p><\/div>\n<p><!-- .dslc-image -->\n\t\t<\/div>\n<\/p><\/div>\n<p><!-- .dslc-module -->\n\t\t<\/div>\n<\/div>\n<\/div>\n<div  class=\"dslc-modules-section \" style=\"padding-bottom:35px;padding-top:35px;\" data-section-id=\"f792d69f948\">\n<div class=\"dslc-modules-section-wrapper dslc-clearfix\">\n<style type=\"text\/css\" id=\"dslca-modules-area-\"><\/style>\n<div  class=\"dslc-modules-area dslc-col dslc-8-col dslc-first-col dslc-valign- \" data-size=\"8\" data-valign=\"\" data-modules-area-id=\"\" >\n<div id=\"dslc-module-8e9fdd917db\" class=\"dslc-module-front dslc-module-DSLC_TP_Title dslc-in-viewport-check dslc-in-viewport-anim-none  dslc-col dslc-12-col dslc-last-col  dslc-module-handle-like-regular \" data-module-id=\"8e9fdd917db\" data-module=\"DSLC_TP_Title\" data-dslc-module-size=\"12\" data-dslc-anim=\"none\" data-dslc-anim-delay=\"0\" data-dslc-anim-duration=\"650\"  data-dslc-anim-easing=\"ease\" data-dslc-preset=\"none\" >\n<div class=\"dslc-tp-title\">\n<div class=\"dslc-tp-title\">\n<h1>AutoCAD LT<\/h1>\n<\/div><\/div>\n<\/p><\/div>\n<p><!-- .dslc-module --><\/p>\n<div id=\"dslc-module-ed701a5fb9e\" class=\"dslc-module-front dslc-module-DSLC_Text_Simple dslc-in-viewport-check dslc-in-viewport-anim-none  dslc-col dslc-12-col dslc-last-col  dslc-module-handle-like-regular \" data-module-id=\"ed701a5fb9e\" data-module=\"DSLC_Text_Simple\" data-dslc-module-size=\"12\" data-dslc-anim=\"none\" data-dslc-anim-delay=\"0\" data-dslc-anim-duration=\"650\"  data-dslc-anim-easing=\"ease\" data-dslc-preset=\"none\" >\n<div class=\"dslc-text-module-content\">\n<h2>Dibujo profesional y asignaci\u00f3n de detalles<\/h2>\n<h2>AutoCAD LT\u00ae est\u00e1 construido para el dibujo profesional, ofreciendo una compatibilidad aut\u00e9ntica con DWG\u2122, confiabilidad, y poderosas herramientas de dibujo 2D dise\u00f1adas para aumentar su productividad.<\/h2>\n<p>Documentaci\u00f3n\u2014Documente sus ideas y dise\u00f1os con precisi\u00f3n con un conjunto completo de herramientas de dibujo y para la asignaci\u00f3n de detalles 2D.<\/p>\n<ul>\n<li><strong>Colaboraci\u00f3n<\/strong>\u2014El genuino formato DWG\u2122 facilita el intercambio de archivos para disfrutar de una comunicaci\u00f3n transparente con colaboradores y clientes.<\/li>\n<li><strong>Optimizaci\u00f3n<\/strong>\u2014Las opciones de men\u00fa y de la interfaz de usuario del software de dibujo 2D AutoCAD LT se adaptan a su forma de trabajar.<\/li>\n<li><strong>Herramientas de dibujo<\/strong>\u2014Es posible crear dibujos 2D sencillos o complejos a partir de formas est\u00e1ndar, como l\u00edneas, pol\u00edgonos, arcos, c\u00edrculos y elipses.<\/li>\n<li><strong>Modificaci\u00f3n de objetos<\/strong>\u2014Modifique geometr\u00eda existente con comandos como estrechar, escalar y rotar. Creaci\u00f3n de objetos nuevos mediante comandos de copia, desfase y simetr\u00eda.<\/li>\n<li><strong>Realice anotaciones en sus dibujos CAD<\/strong>\u2014Complete sus dibujos con anotaciones como texto, acotaciones y sombreados.<\/li>\n<li><strong>Formato de archivos DWG<\/strong> \u2014Guarde y comparta archivos de dibujos 2D con la confianza de mantener la integridad y fiabilidad de sus datos con la tecnolog\u00eda DWGMR de Autodesk<\/li>\n<li><strong>Publicar y Trazar<\/strong>\u2014Cree un archivo multihojas DWFMR, DWFx, o PDF, o un conjunto de dibujos en papel.<\/li>\n<\/ul><\/div>\n<\/p><\/div>\n<p><!-- .dslc-module -->\n\t\t<\/div>\n<style type=\"text\/css\" id=\"dslca-modules-area-\"><\/style>\n<div  class=\"dslc-modules-area dslc-col dslc-4-col dslc-last-col dslc-valign- \" data-size=\"4\" data-valign=\"\" data-modules-area-id=\"\" >\n<div id=\"dslc-module-a8ccd426ae3\" class=\"dslc-module-front dslc-module-DSLC_Button dslc-in-viewport-check dslc-in-viewport-anim-none  dslc-col dslc-12-col dslc-last-col  dslc-module-handle-like-regular \" data-module-id=\"a8ccd426ae3\" data-module=\"DSLC_Button\" data-dslc-module-size=\"12\" data-dslc-anim=\"none\" data-dslc-anim-delay=\"\" data-dslc-anim-duration=\"650\"  data-dslc-anim-easing=\"ease\" data-dslc-preset=\"none\" >\n<div class=\"dslc-button\">\n\t\t\t\t\t\t\t\t\t<a href=\"https:\/\/latinoamerica.autodesk.com\/products\/autocad-lt\/overview\" target=\"_blank\"  onClick=\"\" class=\"\"><br \/>\n\t\t\t\t\t\t\t\t\t\t\t\t\t\t\t\t\t\t\t<span>M\u00c1S INFORMACI\u00d3N<\/span><br \/>\n\t\t\t\t\t\t\t\t\t\t\t\t\t\t\t\t\t<\/a>\n\t\t\t\t\t\t\t<\/div>\n<p><!-- .dslc-button --><\/p><\/div>\n<p><!-- .dslc-module -->\n\t\t<\/div>\n<\/div>\n<\/div>\n<\/div>\n<\/div><\/div>","protected":false},"excerpt":{"rendered":"<p>AutoCAD LT Dibujo profesional y asignaci\u00f3n de detalles AutoCAD LT\u00ae est\u00e1 construido para el dibujo profesional, ofreciendo una compatibilidad aut\u00e9ntica con DWG\u2122, confiabilidad, y poderosas herramientas de dibujo 2D dise\u00f1adas para aumentar su productividad. Documentaci\u00f3n\u2014Documente sus ideas y dise\u00f1os con precisi\u00f3n con un conjunto completo de herramientas de dibujo y para la asignaci\u00f3n de detalles [&hellip;]<\/p>\n","protected":false},"author":2,"featured_media":0,"parent":12,"menu_order":0,"comment_status":"closed","ping_status":"closed","template":"","meta":{"footnotes":""},"class_list":["post-171","page","type-page","status-publish","hentry"],"yoast_head":"<!-- This site is optimized with the Yoast SEO plugin v27.4 - https:\/\/yoast.com\/product\/yoast-seo-wordpress\/ -->\n<title>AutoCAD LT | Cada Consult<\/title>\n<meta name=\"description\" content=\"Soluciones CAD &amp; BIM, consultor\u00eda y servicios profesionales para la industria de la Arquitectura, ingenier\u00eda y Construcci\u00f3n (AEC).\" \/>\n<meta name=\"robots\" content=\"index, follow, max-snippet:-1, max-image-preview:large, max-video-preview:-1\" \/>\n<link rel=\"canonical\" href=\"https:\/\/cadaconsult.com.ar\/new\/productos\/autocad-lt\/\" \/>\n<meta property=\"og:locale\" content=\"es_ES\" \/>\n<meta property=\"og:type\" content=\"article\" \/>\n<meta property=\"og:title\" content=\"AutoCAD LT | Cada Consult\" \/>\n<meta property=\"og:description\" content=\"Soluciones CAD &amp; BIM, consultor\u00eda y servicios profesionales para la industria de la Arquitectura, ingenier\u00eda y Construcci\u00f3n (AEC).\" \/>\n<meta property=\"og:url\" content=\"https:\/\/cadaconsult.com.ar\/new\/productos\/autocad-lt\/\" \/>\n<meta property=\"og:site_name\" content=\"Cada Consult\" \/>\n<meta property=\"article:modified_time\" content=\"2017-06-20T20:46:09+00:00\" \/>\n<meta name=\"twitter:card\" content=\"summary_large_image\" \/>\n<meta name=\"twitter:label1\" content=\"Tiempo de lectura\" \/>\n\t<meta name=\"twitter:data1\" content=\"1 minuto\" \/>\n<script type=\"application\/ld+json\" class=\"yoast-schema-graph\">{\"@context\":\"https:\\\/\\\/schema.org\",\"@graph\":[{\"@type\":\"WebPage\",\"@id\":\"https:\\\/\\\/cadaconsult.com.ar\\\/new\\\/productos\\\/autocad-lt\\\/\",\"url\":\"https:\\\/\\\/cadaconsult.com.ar\\\/new\\\/productos\\\/autocad-lt\\\/\",\"name\":\"AutoCAD LT | Cada Consult\",\"isPartOf\":{\"@id\":\"https:\\\/\\\/cadaconsult.com.ar\\\/new\\\/#website\"},\"primaryImageOfPage\":{\"@id\":\"https:\\\/\\\/cadaconsult.com.ar\\\/new\\\/productos\\\/autocad-lt\\\/#primaryimage\"},\"image\":{\"@id\":\"https:\\\/\\\/cadaconsult.com.ar\\\/new\\\/productos\\\/autocad-lt\\\/#primaryimage\"},\"thumbnailUrl\":\"https:\\\/\\\/cadaconsult.com.ar\\\/new\\\/wp-content\\\/uploads\\\/2017\\\/07\\\/head_autocadLT_2018.jpg\",\"datePublished\":\"2017-06-20T19:09:13+00:00\",\"dateModified\":\"2017-06-20T20:46:09+00:00\",\"description\":\"Soluciones CAD & BIM, consultor\u00eda y servicios profesionales para la industria de la Arquitectura, ingenier\u00eda y Construcci\u00f3n (AEC).\",\"breadcrumb\":{\"@id\":\"https:\\\/\\\/cadaconsult.com.ar\\\/new\\\/productos\\\/autocad-lt\\\/#breadcrumb\"},\"inLanguage\":\"es\",\"potentialAction\":[{\"@type\":\"ReadAction\",\"target\":[\"https:\\\/\\\/cadaconsult.com.ar\\\/new\\\/productos\\\/autocad-lt\\\/\"]}]},{\"@type\":\"ImageObject\",\"inLanguage\":\"es\",\"@id\":\"https:\\\/\\\/cadaconsult.com.ar\\\/new\\\/productos\\\/autocad-lt\\\/#primaryimage\",\"url\":\"https:\\\/\\\/cadaconsult.com.ar\\\/new\\\/wp-content\\\/uploads\\\/2017\\\/07\\\/head_autocadLT_2018.jpg\",\"contentUrl\":\"https:\\\/\\\/cadaconsult.com.ar\\\/new\\\/wp-content\\\/uploads\\\/2017\\\/07\\\/head_autocadLT_2018.jpg\",\"width\":1700,\"height\":300},{\"@type\":\"BreadcrumbList\",\"@id\":\"https:\\\/\\\/cadaconsult.com.ar\\\/new\\\/productos\\\/autocad-lt\\\/#breadcrumb\",\"itemListElement\":[{\"@type\":\"ListItem\",\"position\":1,\"name\":\"Portada\",\"item\":\"https:\\\/\\\/cadaconsult.com.ar\\\/new\\\/\"},{\"@type\":\"ListItem\",\"position\":2,\"name\":\"Productos\",\"item\":\"https:\\\/\\\/cadaconsult.com.ar\\\/new\\\/productos\\\/\"},{\"@type\":\"ListItem\",\"position\":3,\"name\":\"AutoCAD LT\"}]},{\"@type\":\"WebSite\",\"@id\":\"https:\\\/\\\/cadaconsult.com.ar\\\/new\\\/#website\",\"url\":\"https:\\\/\\\/cadaconsult.com.ar\\\/new\\\/\",\"name\":\"Cada Consult\",\"description\":\"Tecnolog\u00eda Aplicada\",\"publisher\":{\"@id\":\"https:\\\/\\\/cadaconsult.com.ar\\\/new\\\/#organization\"},\"potentialAction\":[{\"@type\":\"SearchAction\",\"target\":{\"@type\":\"EntryPoint\",\"urlTemplate\":\"https:\\\/\\\/cadaconsult.com.ar\\\/new\\\/?s={search_term_string}\"},\"query-input\":{\"@type\":\"PropertyValueSpecification\",\"valueRequired\":true,\"valueName\":\"search_term_string\"}}],\"inLanguage\":\"es\"},{\"@type\":\"Organization\",\"@id\":\"https:\\\/\\\/cadaconsult.com.ar\\\/new\\\/#organization\",\"name\":\"Cada Consult\",\"url\":\"https:\\\/\\\/cadaconsult.com.ar\\\/new\\\/\",\"logo\":{\"@type\":\"ImageObject\",\"inLanguage\":\"es\",\"@id\":\"https:\\\/\\\/cadaconsult.com.ar\\\/new\\\/#\\\/schema\\\/logo\\\/image\\\/\",\"url\":\"https:\\\/\\\/cadaconsult.com.ar\\\/new\\\/wp-content\\\/uploads\\\/2020\\\/12\\\/logo_cadaconsult.png\",\"contentUrl\":\"https:\\\/\\\/cadaconsult.com.ar\\\/new\\\/wp-content\\\/uploads\\\/2020\\\/12\\\/logo_cadaconsult.png\",\"width\":230,\"height\":35,\"caption\":\"Cada Consult\"},\"image\":{\"@id\":\"https:\\\/\\\/cadaconsult.com.ar\\\/new\\\/#\\\/schema\\\/logo\\\/image\\\/\"}}]}<\/script>\n<!-- \/ Yoast SEO plugin. -->","yoast_head_json":{"title":"AutoCAD LT | Cada Consult","description":"Soluciones CAD & BIM, consultor\u00eda y servicios profesionales para la industria de la Arquitectura, ingenier\u00eda y Construcci\u00f3n (AEC).","robots":{"index":"index","follow":"follow","max-snippet":"max-snippet:-1","max-image-preview":"max-image-preview:large","max-video-preview":"max-video-preview:-1"},"canonical":"https:\/\/cadaconsult.com.ar\/new\/productos\/autocad-lt\/","og_locale":"es_ES","og_type":"article","og_title":"AutoCAD LT | Cada Consult","og_description":"Soluciones CAD & BIM, consultor\u00eda y servicios profesionales para la industria de la Arquitectura, ingenier\u00eda y Construcci\u00f3n (AEC).","og_url":"https:\/\/cadaconsult.com.ar\/new\/productos\/autocad-lt\/","og_site_name":"Cada Consult","article_modified_time":"2017-06-20T20:46:09+00:00","twitter_card":"summary_large_image","twitter_misc":{"Tiempo de lectura":"1 minuto"},"schema":{"@context":"https:\/\/schema.org","@graph":[{"@type":"WebPage","@id":"https:\/\/cadaconsult.com.ar\/new\/productos\/autocad-lt\/","url":"https:\/\/cadaconsult.com.ar\/new\/productos\/autocad-lt\/","name":"AutoCAD LT | Cada Consult","isPartOf":{"@id":"https:\/\/cadaconsult.com.ar\/new\/#website"},"primaryImageOfPage":{"@id":"https:\/\/cadaconsult.com.ar\/new\/productos\/autocad-lt\/#primaryimage"},"image":{"@id":"https:\/\/cadaconsult.com.ar\/new\/productos\/autocad-lt\/#primaryimage"},"thumbnailUrl":"https:\/\/cadaconsult.com.ar\/new\/wp-content\/uploads\/2017\/07\/head_autocadLT_2018.jpg","datePublished":"2017-06-20T19:09:13+00:00","dateModified":"2017-06-20T20:46:09+00:00","description":"Soluciones CAD & BIM, consultor\u00eda y servicios profesionales para la industria de la Arquitectura, ingenier\u00eda y Construcci\u00f3n (AEC).","breadcrumb":{"@id":"https:\/\/cadaconsult.com.ar\/new\/productos\/autocad-lt\/#breadcrumb"},"inLanguage":"es","potentialAction":[{"@type":"ReadAction","target":["https:\/\/cadaconsult.com.ar\/new\/productos\/autocad-lt\/"]}]},{"@type":"ImageObject","inLanguage":"es","@id":"https:\/\/cadaconsult.com.ar\/new\/productos\/autocad-lt\/#primaryimage","url":"https:\/\/cadaconsult.com.ar\/new\/wp-content\/uploads\/2017\/07\/head_autocadLT_2018.jpg","contentUrl":"https:\/\/cadaconsult.com.ar\/new\/wp-content\/uploads\/2017\/07\/head_autocadLT_2018.jpg","width":1700,"height":300},{"@type":"BreadcrumbList","@id":"https:\/\/cadaconsult.com.ar\/new\/productos\/autocad-lt\/#breadcrumb","itemListElement":[{"@type":"ListItem","position":1,"name":"Portada","item":"https:\/\/cadaconsult.com.ar\/new\/"},{"@type":"ListItem","position":2,"name":"Productos","item":"https:\/\/cadaconsult.com.ar\/new\/productos\/"},{"@type":"ListItem","position":3,"name":"AutoCAD LT"}]},{"@type":"WebSite","@id":"https:\/\/cadaconsult.com.ar\/new\/#website","url":"https:\/\/cadaconsult.com.ar\/new\/","name":"Cada Consult","description":"Tecnolog\u00eda Aplicada","publisher":{"@id":"https:\/\/cadaconsult.com.ar\/new\/#organization"},"potentialAction":[{"@type":"SearchAction","target":{"@type":"EntryPoint","urlTemplate":"https:\/\/cadaconsult.com.ar\/new\/?s={search_term_string}"},"query-input":{"@type":"PropertyValueSpecification","valueRequired":true,"valueName":"search_term_string"}}],"inLanguage":"es"},{"@type":"Organization","@id":"https:\/\/cadaconsult.com.ar\/new\/#organization","name":"Cada Consult","url":"https:\/\/cadaconsult.com.ar\/new\/","logo":{"@type":"ImageObject","inLanguage":"es","@id":"https:\/\/cadaconsult.com.ar\/new\/#\/schema\/logo\/image\/","url":"https:\/\/cadaconsult.com.ar\/new\/wp-content\/uploads\/2020\/12\/logo_cadaconsult.png","contentUrl":"https:\/\/cadaconsult.com.ar\/new\/wp-content\/uploads\/2020\/12\/logo_cadaconsult.png","width":230,"height":35,"caption":"Cada Consult"},"image":{"@id":"https:\/\/cadaconsult.com.ar\/new\/#\/schema\/logo\/image\/"}}]}},"_links":{"self":[{"href":"https:\/\/cadaconsult.com.ar\/new\/wp-json\/wp\/v2\/pages\/171","targetHints":{"allow":["GET"]}}],"collection":[{"href":"https:\/\/cadaconsult.com.ar\/new\/wp-json\/wp\/v2\/pages"}],"about":[{"href":"https:\/\/cadaconsult.com.ar\/new\/wp-json\/wp\/v2\/types\/page"}],"author":[{"embeddable":true,"href":"https:\/\/cadaconsult.com.ar\/new\/wp-json\/wp\/v2\/users\/2"}],"replies":[{"embeddable":true,"href":"https:\/\/cadaconsult.com.ar\/new\/wp-json\/wp\/v2\/comments?post=171"}],"version-history":[{"count":3,"href":"https:\/\/cadaconsult.com.ar\/new\/wp-json\/wp\/v2\/pages\/171\/revisions"}],"predecessor-version":[{"id":217,"href":"https:\/\/cadaconsult.com.ar\/new\/wp-json\/wp\/v2\/pages\/171\/revisions\/217"}],"up":[{"embeddable":true,"href":"https:\/\/cadaconsult.com.ar\/new\/wp-json\/wp\/v2\/pages\/12"}],"wp:attachment":[{"href":"https:\/\/cadaconsult.com.ar\/new\/wp-json\/wp\/v2\/media?parent=171"}],"curies":[{"name":"wp","href":"https:\/\/api.w.org\/{rel}","templated":true}]}}